{"id":126,"date":"2019-06-26T15:36:09","date_gmt":"2019-06-26T15:36:09","guid":{"rendered":"https:\/\/tiritomba.net\/virginia-royal\/?page_id=126"},"modified":"2020-09-13T10:07:17","modified_gmt":"2020-09-13T10:07:17","slug":"kasvatus","status":"publish","type":"page","link":"https:\/\/tiritomba.net\/virginia-royal\/kasvatus\/","title":{"rendered":"Kasvatus"},"content":{"rendered":"<div id=\"pl-126\"  class=\"panel-layout\" ><div id=\"pg-126-0\"  class=\"panel-grid panel-has-style\" ><div class=\"no-margin-top panel-row-style panel-row-style-for-126-0\" ><div id=\"pgc-126-0-0\"  class=\"panel-grid-cell\" ><div id=\"panel-126-0-0-0\" class=\"so-panel widget widget_sow-editor panel-first-child panel-last-child\" data-index=\"0\" ><div class=\"so-widget-sow-editor so-widget-sow-editor-base\">\n<div class=\"siteorigin-widget-tinymce textwidget\">\n\t<p>Virginia Royalissa syntyy joka vuosi puoliverisi\u00e4 varsoja. Jalostusperiaatteisiimme kuuluu edist\u00e4\u00e4 puoliveristen hyv\u00e4\u00e4 terveytt\u00e4 sek\u00e4 luonnetta ja erityisesti taitoa esteradoille. Valitsemme yhdistelm\u00e4t k\u00e4ytt\u00f6ominaisuuksien mukaan, ja huolehdimme my\u00f6s siit\u00e4, ett\u00e4 vanhempien hyv\u00e4t ja huonot puolet, niin luonteessa kuin ulkon\u00e4\u00f6ss\u00e4kin, tasapainottavat toisiaan.<\/p>\n<p>Virginia Royalin kasvatit tunnistat kasvatusliitett\u00e4 Virago tai nimen per\u00e4ss\u00e4 olevasta liitteest\u00e4 Ness. Hevosemme ovat k\u00e4yt\u00f6ss\u00e4 jalostukseen; orit kolme- ja tammat nelj\u00e4vuotiaina. Varsoilta toivotaan aktiivisuutta jossain muodossa, kuten esimerkiksi kisailemisessa tai tarinapainotteisessa toiminnassa. Varsan sivut on ilmoitettava minulle, ja olen kiinnostunut olemaan varsan el\u00e4m\u00e4ss\u00e4 mukana my\u00f6s jatkossa.<\/p>\n<p>\u00bb Myymme varsoja niin harrastus- kuin kisak\u00e4ytt\u00f6\u00f6nkin.<br \/>\n\u00bb Puoliveristen kasvattajaliite on <b>Virago<\/b>.<br \/>\n\u00bb Varsan perustietoja (nimi, syntym\u00e4aika, sukupuoli) ei saa muuttaa. Orin voi halutessaan ruunata.<br \/>\n\u00bb Sivuille tulee merkit\u00e4 kasvattajaksi Siguri ja Virginia Royal linkitettyn\u00e4.<br \/>\n\u00bb Varsa tulee rekister\u00f6id\u00e4 VRL:n hevosrekisteriin.*<br \/>\n\u00bb Ilmoitathan kasvattajalle mahdollisista osoitteenmuutoksista.<br \/>\n\u00bb Jos haluat luopua kasvatistamme, minulla on etuosto-oikeus. Tarjoa hevosta siis ensimm\u00e4isen\u00e4 minulle.<\/p>\n<h3>*Rekister\u00f6inti<\/h3>\n<p><b>Kasvattajaliite:<\/b> Virago<br \/>\n<b>Syntym\u00e4maa:<\/b> Iso-Britannia (GB)<br \/>\n<b>Kasvattaja:<\/b> VIRG5518<\/p>\n<p><a class=\"buttoni kasvattinappi\">Virginia Royalin kasvatit<\/a><\/p>\n<p>&nbsp;<\/p>\n<h3>Puoliveristen varsojen nime\u00e4misest\u00e4<\/h3>\n<p><b>Hannover<\/b><br \/>\nVarsat nimet\u00e4\u00e4n samalla alkukirjaimella kuin niiden is\u00e4t. <\/p>\n<p><b>Englanninpuoliverinen<\/b><br \/>\nVarsat nimet\u00e4\u00e4n l\u00e4ht\u00f6kohtaisesti samalla alkukirjaimella kuin niiden is\u00e4t. <\/p>\n<p><b>Trakehner<\/b><br \/>\nVarsat nimet\u00e4\u00e4n samalla alkukirjaimella kuin niiden em\u00e4t.<\/p>\n<\/div>\n<\/div><\/div><\/div><\/div><\/div><\/div>","protected":false},"excerpt":{"rendered":"<p>Virginia Royalissa syntyy joka vuosi puoliverisi\u00e4 varsoja. Jalostusperiaatteisiimme kuuluu edist\u00e4\u00e4 puoliveristen hyv\u00e4\u00e4 terveytt\u00e4 sek\u00e4 luonnetta ja erityisesti taitoa esteradoille. Valitsemme yhdistelm\u00e4t k\u00e4ytt\u00f6ominaisuuksien mukaan, ja huolehdimme my\u00f6s siit\u00e4, ett\u00e4 vanhempien hyv\u00e4t ja huonot puolet, niin luonteessa kuin ulkon\u00e4\u00f6ss\u00e4kin, tasapainottavat toisiaan. Virginia Royalin kasvatit tunnistat kasvatusliitett\u00e4 Virago tai nimen per\u00e4ss\u00e4 olevasta liitteest\u00e4 Ness. Hevosemme ovat k\u00e4yt\u00f6ss\u00e4 jalostukseen; [&hellip;]<\/p>\n","protected":false},"author":1,"featured_media":0,"parent":0,"menu_order":0,"comment_status":"closed","ping_status":"closed","template":"","meta":[],"_links":{"self":[{"href":"https:\/\/tiritomba.net\/virginia-royal\/wp-json\/wp\/v2\/pages\/126"}],"collection":[{"href":"https:\/\/tiritomba.net\/virginia-royal\/wp-json\/wp\/v2\/pages"}],"about":[{"href":"https:\/\/tiritomba.net\/virginia-royal\/wp-json\/wp\/v2\/types\/page"}],"author":[{"embeddable":true,"href":"https:\/\/tiritomba.net\/virginia-royal\/wp-json\/wp\/v2\/users\/1"}],"replies":[{"embeddable":true,"href":"https:\/\/tiritomba.net\/virginia-royal\/wp-json\/wp\/v2\/comments?post=126"}],"version-history":[{"count":27,"href":"https:\/\/tiritomba.net\/virginia-royal\/wp-json\/wp\/v2\/pages\/126\/revisions"}],"predecessor-version":[{"id":799,"href":"https:\/\/tiritomba.net\/virginia-royal\/wp-json\/wp\/v2\/pages\/126\/revisions\/799"}],"wp:attachment":[{"href":"https:\/\/tiritomba.net\/virginia-royal\/wp-json\/wp\/v2\/media?parent=126"}],"curies":[{"name":"wp","href":"https:\/\/api.w.org\/{rel}","templated":true}]}}