{"id":11,"date":"2019-06-25T17:12:03","date_gmt":"2019-06-25T17:12:03","guid":{"rendered":"https:\/\/tiritomba.net\/virginia-royal\/?page_id=11"},"modified":"2020-08-18T15:25:08","modified_gmt":"2020-08-18T15:25:08","slug":"etusivu","status":"publish","type":"page","link":"https:\/\/tiritomba.net\/virginia-royal\/","title":{"rendered":"Etusivu"},"content":{"rendered":"<div id=\"pl-11\"  class=\"panel-layout\" ><div id=\"pg-11-0\"  class=\"panel-grid panel-no-style\" ><div id=\"pgc-11-0-0\"  class=\"panel-grid-cell\" ><div id=\"panel-11-0-0-0\" class=\"so-panel widget widget_sow-image panel-first-child panel-last-child\" data-index=\"0\" ><div class=\"etusivu-koristekuva panel-widget-style panel-widget-style-for-11-0-0-0\" ><div class=\"so-widget-sow-image so-widget-sow-image-default-d6014b76747a-11\">\n\n<div class=\"sow-image-container\">\n\t\t<img src=\"https:\/\/tiritomba.net\/virginia-royal\/wp-content\/uploads\/2020\/08\/koriste_6.png\" width=\"421\" height=\"462\" srcset=\"https:\/\/tiritomba.net\/virginia-royal\/wp-content\/uploads\/2020\/08\/koriste_6.png 421w, https:\/\/tiritomba.net\/virginia-royal\/wp-content\/uploads\/2020\/08\/koriste_6-273x300.png 273w\" sizes=\"(max-width: 421px) 100vw, 421px\" alt=\"\" loading=\"lazy\" \t\tclass=\"so-widget-image\"\/>\n\t<\/div>\n\n<\/div><\/div><\/div><\/div><div id=\"pgc-11-0-1\"  class=\"panel-grid-cell\" ><div id=\"panel-11-0-1-0\" class=\"so-panel widget widget_sow-editor panel-first-child panel-last-child\" data-index=\"1\" ><div class=\"so-widget-sow-editor so-widget-sow-editor-base\">\n<div class=\"siteorigin-widget-tinymce textwidget\">\n\t<h2>Tervetuloa<\/h2>\n\nMoni tarina alkaa pienest\u00e4 maalaistalosta, joka aloittaa toimintansa ratsastuskouluna. Virginia Royal on kaikkea muuta kuin pieni punainen rakennus, jossa asuu ylensy\u00f6neit\u00e4 eri hevosrotujen edustajia. Virginia Royal on sit\u00e4, mit\u00e4 muut voisivat kutsua eliitiksi; viimeist\u00e4 piirtoa my\u00f6ten rakennettuja kartanoita, osaavia estehevosia, jotka nekin s\u00e4ken\u00f6iv\u00e4t kirkkaina muiden harrastehevosten rinnalla.\n\n<a class=\"buttoni\" href=\"https:\/\/tiritomba.net\/virginia-royal\/esittely\/\">Lue lis\u00e4\u00e4<\/a><\/div>\n<\/div><\/div><\/div><\/div><div id=\"pg-11-1\"  class=\"panel-grid panel-has-style\" ><div class=\"margin-top-0 panel-row-style panel-row-style-for-11-1\" ><div id=\"pgc-11-1-0\"  class=\"panel-grid-cell\" ><div id=\"panel-11-1-0-0\" class=\"so-panel widget widget_sow-editor panel-first-child panel-last-child\" data-index=\"2\" ><div class=\"so-widget-sow-editor so-widget-sow-editor-base\">\n<div class=\"siteorigin-widget-tinymce textwidget\">\n\t<h2>Tulevaisuuden lupauksia<\/h2>\n\nVirginia Royalissa syntyy joka vuosi puoliverisi\u00e4 varsoja. Jalostusperiaatteisiimme kuuluu edist\u00e4\u00e4 puoliveristen hyv\u00e4\u00e4 terveytt\u00e4 sek\u00e4 luonnetta ja erityisesti taitoa esteradoille. Valitsemme yhdistelm\u00e4t k\u00e4ytt\u00f6ominaisuuksien mukaan, ja huolehdimme my\u00f6s siit\u00e4, ett\u00e4 vanhempien hyv\u00e4t ja huonot puolet, niin luonteessa kuin ulkon\u00e4\u00f6ss\u00e4kin, tasapainottavat toisiaan.\n\n<a class=\"buttoni\" href=\"https:\/\/tiritomba.net\/virginia-royal\/kasvatus\/\">Lue lis\u00e4\u00e4<\/a><\/div>\n<\/div><\/div><\/div><div id=\"pgc-11-1-1\"  class=\"panel-grid-cell\" ><div id=\"panel-11-1-1-0\" class=\"so-panel widget widget_sow-image panel-first-child panel-last-child\" data-index=\"3\" ><div class=\"etusivu-koristekuva oikea panel-widget-style panel-widget-style-for-11-1-1-0\" ><div class=\"so-widget-sow-image so-widget-sow-image-default-d6014b76747a-11\">\n\n<div class=\"sow-image-container\">\n\t\t<img src=\"https:\/\/tiritomba.net\/virginia-royal\/wp-content\/uploads\/2020\/08\/koriste_5.png\" width=\"421\" height=\"462\" srcset=\"https:\/\/tiritomba.net\/virginia-royal\/wp-content\/uploads\/2020\/08\/koriste_5.png 421w, https:\/\/tiritomba.net\/virginia-royal\/wp-content\/uploads\/2020\/08\/koriste_5-273x300.png 273w\" sizes=\"(max-width: 421px) 100vw, 421px\" alt=\"\" loading=\"lazy\" \t\tclass=\"so-widget-image\"\/>\n\t<\/div>\n\n<\/div><\/div><\/div><\/div><\/div><\/div><div id=\"pg-11-2\"  class=\"panel-grid panel-has-style\" ><div class=\"tumma-tausta siteorigin-panels-stretch panel-row-style panel-row-style-for-11-2\" data-stretch-type=\"full\" ><div id=\"pgc-11-2-0\"  class=\"panel-grid-cell\" ><div id=\"panel-11-2-0-0\" class=\"so-panel widget widget_sow-editor panel-first-child panel-last-child\" data-index=\"4\" ><div class=\"so-widget-sow-editor so-widget-sow-editor-base\">\n<div class=\"siteorigin-widget-tinymce textwidget\">\n\t<h2 class=\"center\">Terveisin Sharon<\/h2>\n<p class=\"yllapitaja\">Siguri (VRL-11290, <a href=\"mailto:sachiyoo@hotmail.com\">@<\/a>)<\/p>\n<p><div class=\"tykkayslista\"><span class=\"pinkki\"><i class=\"fas fa-heart\"><\/i><\/span>: <a href=\"http:\/\/www.huvituksen.net\/pv\/\" target=\"_blank\">Everholt Estate<\/a>, <a href=\"http:\/\/rosenf.weebly.com\/\" target=\"_blank\">Gest\u00fct Seifenkraut<\/a>, <i>Sinun tallisi?<\/i><\/div><\/p>\n<\/div>\n<\/div><\/div><\/div><\/div><\/div><\/div>","protected":false},"excerpt":{"rendered":"<p>Tervetuloa Moni tarina alkaa pienest\u00e4 maalaistalosta, joka aloittaa toimintansa ratsastuskouluna. Virginia Royal on kaikkea muuta kuin pieni punainen rakennus, jossa asuu ylensy\u00f6neit\u00e4 eri hevosrotujen edustajia. Virginia Royal on sit\u00e4, mit\u00e4 muut voisivat kutsua eliitiksi; viimeist\u00e4 piirtoa my\u00f6ten rakennettuja kartanoita, osaavia estehevosia, jotka nekin s\u00e4ken\u00f6iv\u00e4t kirkkaina muiden harrastehevosten rinnalla. Lue lis\u00e4\u00e4 Tulevaisuuden lupauksia Virginia Royalissa syntyy [&hellip;]<\/p>\n","protected":false},"author":1,"featured_media":0,"parent":0,"menu_order":0,"comment_status":"closed","ping_status":"closed","template":"","meta":[],"_links":{"self":[{"href":"https:\/\/tiritomba.net\/virginia-royal\/wp-json\/wp\/v2\/pages\/11"}],"collection":[{"href":"https:\/\/tiritomba.net\/virginia-royal\/wp-json\/wp\/v2\/pages"}],"about":[{"href":"https:\/\/tiritomba.net\/virginia-royal\/wp-json\/wp\/v2\/types\/page"}],"author":[{"embeddable":true,"href":"https:\/\/tiritomba.net\/virginia-royal\/wp-json\/wp\/v2\/users\/1"}],"replies":[{"embeddable":true,"href":"https:\/\/tiritomba.net\/virginia-royal\/wp-json\/wp\/v2\/comments?post=11"}],"version-history":[{"count":117,"href":"https:\/\/tiritomba.net\/virginia-royal\/wp-json\/wp\/v2\/pages\/11\/revisions"}],"predecessor-version":[{"id":747,"href":"https:\/\/tiritomba.net\/virginia-royal\/wp-json\/wp\/v2\/pages\/11\/revisions\/747"}],"wp:attachment":[{"href":"https:\/\/tiritomba.net\/virginia-royal\/wp-json\/wp\/v2\/media?parent=11"}],"curies":[{"name":"wp","href":"https:\/\/api.w.org\/{rel}","templated":true}]}}