{"id":126,"date":"2019-06-26T15:36:09","date_gmt":"2019-06-26T15:36:09","guid":{"rendered":"https:\/\/tiritomba.net\/vinyamar\/?page_id=126"},"modified":"2020-07-11T12:15:11","modified_gmt":"2020-07-11T12:15:11","slug":"kasvatus","status":"publish","type":"page","link":"https:\/\/tiritomba.net\/vinyamar\/kasvatus\/","title":{"rendered":"Kasvatus"},"content":{"rendered":"<div id=\"pl-126\"  class=\"panel-layout\" ><div id=\"pg-126-0\"  class=\"panel-grid panel-has-style\" ><div class=\"no-margin-top panel-row-style panel-row-style-for-126-0\" ><div id=\"pgc-126-0-0\"  class=\"panel-grid-cell\" ><div id=\"panel-126-0-0-0\" class=\"so-panel widget widget_sow-editor panel-first-child panel-last-child\" data-index=\"0\" ><div class=\"so-widget-sow-editor so-widget-sow-editor-base\">\n<div class=\"siteorigin-widget-tinymce textwidget\">\n\t<p>Vinyamarissa kasvatetaan connemaroja sek\u00e4 newforestinponeja. Vanhemmat valitaan tarkoin suvun ja osaamisen mukaan, ja jokaiselle varsalle toivotaan aktiivista kotia. Toistaiseksi tilausvarsoja ei laiteta juurikaan maailmalle, mutta mik\u00e4li l\u00f6yd\u00e4t hyvi\u00e4 vanhempiehdokkaita, \u00e4l\u00e4 pelk\u00e4\u00e4 kysy\u00e4 astutuksia!<\/p>\n<p>\u00bb Myymme varsoja niin harrastus- kuin kisak\u00e4ytt\u00f6\u00f6nkin.<br \/>\n\u00bb Ponien kasvattajaliite on Vinyamar.<br \/>\n\u00bb Varsan perustietoja (nimi, syntym\u00e4aika, sukupuoli) ei saa muuttaa. Orin voi halutessaan ruunata.<br \/>\n\u00bb Sivuille tulee merkit\u00e4 kasvattajaksi Siguri ja Vinyamar linkitettyn\u00e4.<br \/>\n\u00bb Varsa tulee rekister\u00f6id\u00e4 VRL:n hevosrekisteriin.*<br \/>\n\u00bb Ilmoitathan kasvattajalle mahdollisista osoitteenmuutoksista.<br \/>\n\u00bb Jos haluat luopua kasvatistamme, minulla on etuosto-oikeus. Tarjoa hevosta siis ensimm\u00e4isen\u00e4 minulle.<\/p>\n<h3>*Rekister\u00f6inti<\/h3>\n<p><b>Kasvattajaliite:<\/b> Vinyamar<br \/>\n<b>Syntym\u00e4maa:<\/b> Iso-Britannia<br \/>\n<b>Kasvattaja:<\/b> XXXXXX<\/p>\n<\/div>\n<\/div><\/div><\/div><\/div><\/div><\/div>","protected":false},"excerpt":{"rendered":"<p>Vinyamarissa kasvatetaan connemaroja sek\u00e4 newforestinponeja. Vanhemmat valitaan tarkoin suvun ja osaamisen mukaan, ja jokaiselle varsalle toivotaan aktiivista kotia. Toistaiseksi tilausvarsoja ei laiteta juurikaan maailmalle, mutta mik\u00e4li l\u00f6yd\u00e4t hyvi\u00e4 vanhempiehdokkaita, \u00e4l\u00e4 pelk\u00e4\u00e4 kysy\u00e4 astutuksia! \u00bb Myymme varsoja niin harrastus- kuin kisak\u00e4ytt\u00f6\u00f6nkin. \u00bb Ponien kasvattajaliite on Vinyamar. \u00bb Varsan perustietoja (nimi, syntym\u00e4aika, sukupuoli) ei saa muuttaa. Orin [&hellip;]<\/p>\n","protected":false},"author":1,"featured_media":0,"parent":0,"menu_order":0,"comment_status":"closed","ping_status":"closed","template":"","meta":[],"_links":{"self":[{"href":"https:\/\/tiritomba.net\/vinyamar\/wp-json\/wp\/v2\/pages\/126"}],"collection":[{"href":"https:\/\/tiritomba.net\/vinyamar\/wp-json\/wp\/v2\/pages"}],"about":[{"href":"https:\/\/tiritomba.net\/vinyamar\/wp-json\/wp\/v2\/types\/page"}],"author":[{"embeddable":true,"href":"https:\/\/tiritomba.net\/vinyamar\/wp-json\/wp\/v2\/users\/1"}],"replies":[{"embeddable":true,"href":"https:\/\/tiritomba.net\/vinyamar\/wp-json\/wp\/v2\/comments?post=126"}],"version-history":[{"count":19,"href":"https:\/\/tiritomba.net\/vinyamar\/wp-json\/wp\/v2\/pages\/126\/revisions"}],"predecessor-version":[{"id":664,"href":"https:\/\/tiritomba.net\/vinyamar\/wp-json\/wp\/v2\/pages\/126\/revisions\/664"}],"wp:attachment":[{"href":"https:\/\/tiritomba.net\/vinyamar\/wp-json\/wp\/v2\/media?parent=126"}],"curies":[{"name":"wp","href":"https:\/\/api.w.org\/{rel}","templated":true}]}}