{"id":11,"date":"2019-06-25T17:12:03","date_gmt":"2019-06-25T17:12:03","guid":{"rendered":"https:\/\/tiritomba.net\/vinyamar\/?page_id=11"},"modified":"2020-10-24T07:49:06","modified_gmt":"2020-10-24T07:49:06","slug":"etusivu","status":"publish","type":"page","link":"https:\/\/tiritomba.net\/vinyamar\/","title":{"rendered":"Etusivu"},"content":{"rendered":"<div id=\"pl-11\"  class=\"panel-layout\" ><div id=\"pg-11-0\"  class=\"panel-grid panel-no-style\" ><div id=\"pgc-11-0-0\"  class=\"panel-grid-cell\" ><div id=\"panel-11-0-0-0\" class=\"so-panel widget widget_sow-editor panel-first-child panel-last-child\" data-index=\"0\" ><div class=\"kuvadiv panel-widget-style panel-widget-style-for-11-0-0-0\" ><div class=\"so-widget-sow-editor so-widget-sow-editor-base\">\n<div class=\"siteorigin-widget-tinymce textwidget\">\n\t<p><img src=\"https:\/\/tiritomba.net\/vinyamar\/wp-content\/uploads\/2020\/07\/koriste.png\" class=\"etusivukoriste\" \/><\/p>\n<\/div>\n<\/div><\/div><\/div><\/div><div id=\"pgc-11-0-1\"  class=\"panel-grid-cell\" ><div id=\"panel-11-0-1-0\" class=\"so-panel widget widget_sow-editor panel-first-child panel-last-child\" data-index=\"1\" ><div class=\"so-widget-sow-editor so-widget-sow-editor-base\">\n<div class=\"siteorigin-widget-tinymce textwidget\">\n\t<h2>Tervetuloa nauttimaan brittil\u00e4isest\u00e4 poniel\u00e4m\u00e4st\u00e4<\/h2>\n<p>Vinyamar on vanha sukutila, joka sijaitsee Englannin maaseudulla. Tilalla on pitk\u00e4 historia, ja monien tarinoiden my\u00f6t\u00e4 se on l\u00f6yt\u00e4nyt oman paikkansa connemarojen ja newforestinponien kotitallina.<\/p>\n<p><a href=\"https:\/\/tiritomba.net\/vinyamar\/esittely\/\" class=\"buttoni vasen\">Lue lis\u00e4\u00e4<\/a><\/p>\n<\/div>\n<\/div><\/div><\/div><\/div><div id=\"pg-11-1\"  class=\"panel-grid panel-has-style\" ><div class=\"tumma-tausta siteorigin-panels-stretch panel-row-style panel-row-style-for-11-1\" data-stretch-type=\"full\" ><div id=\"pgc-11-1-0\"  class=\"panel-grid-cell\" ><div id=\"panel-11-1-0-0\" class=\"so-panel widget widget_sow-editor panel-first-child panel-last-child\" data-index=\"2\" ><div class=\"so-widget-sow-editor so-widget-sow-editor-base\">\n<div class=\"siteorigin-widget-tinymce textwidget\">\n\t<div class=\"etusivunostot\">\n<div class=\"nosto\">\n<div class=\"kuvaosa\" style=\"background-image: url('https:\/\/tiritomba.net\/vinyamar\/wp-content\/uploads\/poniorit.jpg');\"><\/div>\n<div class=\"tekstiosa\">\n<h3>Poniorit<\/h3>\n<p>Taitavat ja hyv\u00e4rakenteiset jalostusorimme.<\/p>\n<p><a href=\"orit\" class=\"buttoni\">Tutustu<\/a><\/p>\n<\/div>\n<\/div>\n<div class=\"nosto\">\n<div class=\"kuvaosa\" style=\"background-image: url('https:\/\/tiritomba.net\/vinyamar\/wp-content\/uploads\/ponitammat.jpg');\"><\/div>\n<div class=\"tekstiosa\">\n<h3>Ponitammat<\/h3>\n<p>Lempe\u00e4t, hyv\u00e4luonteiset ja osaavat ponitammamme.<\/p>\n<p><a href=\"tammat\" class=\"buttoni\">Tutustu<\/a><\/p>\n<\/div>\n<\/div>\n<div class=\"nosto\">\n<div class=\"kuvaosa\" style=\"background-image: url('https:\/\/tiritomba.net\/vinyamar\/wp-content\/uploads\/varsa.jpg');\"><\/div>\n<div class=\"tekstiosa\">\n<h3>Kasvatus<\/h3>\n<p>Reippaat, varmajalkaiset ja harkitut ponikasvattimme.<\/p>\n<p><a href=\"kasvatus\" class=\"buttoni\">Tutustu<\/a><\/p>\n<\/div>\n<\/div>\n<\/div>\n<\/div>\n<\/div><\/div><\/div><\/div><\/div><div id=\"pg-11-2\"  class=\"panel-grid panel-no-style\" ><div id=\"pgc-11-2-0\"  class=\"panel-grid-cell\" ><div id=\"panel-11-2-0-0\" class=\"so-panel widget widget_sow-editor panel-first-child panel-last-child\" data-index=\"3\" ><div class=\"allekirjoitukset panel-widget-style panel-widget-style-for-11-2-0-0\" ><div class=\"so-widget-sow-editor so-widget-sow-editor-base\">\n<div class=\"siteorigin-widget-tinymce textwidget\">\n\t<p class=\"hahmo\">Sabra Vyner<\/p>\n<p>Siguri, VRL-11290<\/p>\n<p class=\"aanesta\"><a href=\"http:\/\/www.virtuaalihevoset.net\/?tallit\/tallirekisteri\/talli.html?talli=VINY6409&amp;like=2\">Anna \u00e4\u00e4nesi!<\/a><\/p>\n<div class=\"tykkayslista\"><span class=\"pinkki\"><i class=\"fas fa-heart\" aria-hidden=\"true\"><\/i><\/span>: <a href=\"http:\/\/cerppa.net\/c\/index.php\" target=\"_blank\">Berryard Ponies<\/a>, <a href=\"http:\/\/turjake.altervista.org\/4\/index.htm\" target=\"_blank\">Ciardi Stud<\/a>, <a href=\"http:\/\/utukuva.net\/roslund\/\" target=\"_blank\">Roslund G\u00e5rd<\/a><\/div>\n<\/div>\n<\/div><\/div><\/div><\/div><\/div><\/div>","protected":false},"excerpt":{"rendered":"<p>Tervetuloa nauttimaan brittil\u00e4isest\u00e4 poniel\u00e4m\u00e4st\u00e4 Vinyamar on vanha sukutila, joka sijaitsee Englannin maaseudulla. Tilalla on pitk\u00e4 historia, ja monien tarinoiden my\u00f6t\u00e4 se on l\u00f6yt\u00e4nyt oman paikkansa connemarojen ja newforestinponien kotitallina. Lue lis\u00e4\u00e4 Poniorit Taitavat ja hyv\u00e4rakenteiset jalostusorimme. Tutustu Ponitammat Lempe\u00e4t, hyv\u00e4luonteiset ja osaavat ponitammamme. Tutustu Kasvatus Reippaat, varmajalkaiset ja harkitut ponikasvattimme. Tutustu<\/p>\n","protected":false},"author":1,"featured_media":0,"parent":0,"menu_order":0,"comment_status":"closed","ping_status":"closed","template":"","meta":[],"_links":{"self":[{"href":"https:\/\/tiritomba.net\/vinyamar\/wp-json\/wp\/v2\/pages\/11"}],"collection":[{"href":"https:\/\/tiritomba.net\/vinyamar\/wp-json\/wp\/v2\/pages"}],"about":[{"href":"https:\/\/tiritomba.net\/vinyamar\/wp-json\/wp\/v2\/types\/page"}],"author":[{"embeddable":true,"href":"https:\/\/tiritomba.net\/vinyamar\/wp-json\/wp\/v2\/users\/1"}],"replies":[{"embeddable":true,"href":"https:\/\/tiritomba.net\/vinyamar\/wp-json\/wp\/v2\/comments?post=11"}],"version-history":[{"count":154,"href":"https:\/\/tiritomba.net\/vinyamar\/wp-json\/wp\/v2\/pages\/11\/revisions"}],"predecessor-version":[{"id":758,"href":"https:\/\/tiritomba.net\/vinyamar\/wp-json\/wp\/v2\/pages\/11\/revisions\/758"}],"wp:attachment":[{"href":"https:\/\/tiritomba.net\/vinyamar\/wp-json\/wp\/v2\/media?parent=11"}],"curies":[{"name":"wp","href":"https:\/\/api.w.org\/{rel}","templated":true}]}}