{"id":126,"date":"2019-06-26T15:36:09","date_gmt":"2019-06-26T15:36:09","guid":{"rendered":"https:\/\/tiritomba.net\/villa-castor\/?page_id=126"},"modified":"2021-02-13T11:11:50","modified_gmt":"2021-02-13T11:11:50","slug":"toiminta","status":"publish","type":"page","link":"https:\/\/tiritomba.net\/villa-castor\/toiminta\/","title":{"rendered":"Toiminta"},"content":{"rendered":"<div id=\"pl-126\"  class=\"panel-layout\" ><div id=\"pg-126-0\"  class=\"panel-grid panel-has-style\" ><div class=\"no-margin-top panel-row-style panel-row-style-for-126-0\" ><div id=\"pgc-126-0-0\"  class=\"panel-grid-cell\" ><div id=\"panel-126-0-0-0\" class=\"so-panel widget widget_sow-editor panel-first-child panel-last-child\" data-index=\"0\" ><div class=\"padding-top-0 panel-widget-style panel-widget-style-for-126-0-0-0\" ><div\n\t\t\t\n\t\t\tclass=\"so-widget-sow-editor so-widget-sow-editor-base\"\n\t\t\t\n\t\t>\n<div class=\"siteorigin-widget-tinymce textwidget\">\n\t<p class=\"nosto\">Villa Castorissa j\u00e4rjestet\u00e4\u00e4n ajoittain kisoja sek\u00e4 n\u00e4yttelyit\u00e4, mutta p\u00e4\u00e4asiallinen toimintanmuoto on hevosten kanssa valmentautuminen sek\u00e4 oriasematoiminta.<\/p>\n<h3>Oriasema<\/h3>\n<p><b>Oritarjonta<\/b><br \/>\nTavoitteenamme on tarjota tammojen omistajille jalostusk\u00e4ytt\u00f6\u00f6n laadukkaita, hyv\u00e4luonteisia ja terveit\u00e4 oreja. Orit eiv\u00e4t kuitenkaan ole vapaassa jalostusk\u00e4yt\u00f6ss\u00e4, vaan tarjoamme niit\u00e4 tarvittaessa henkil\u00f6ille, jotka etsiv\u00e4t tammalleen oria. Pyrimme pit\u00e4m\u00e4\u00e4n suomalaisen puoliverijalostuksen geenipoolin mahdollisimman monipuolisena ja painottamaan j\u00e4lkel\u00e4isten m\u00e4\u00e4r\u00e4n sijaan laatuun.<\/p>\n<p><b>Astutus<\/b><br \/>\nAstutukset suoritetaan ainoastaan luonnollisilla menetelmill\u00e4. Astutuskausi alkaa huhtikuussa ja p\u00e4\u00e4ttyy elokuussa. <\/p>\n<p><b>T\u00e4ysihoitopaikat<\/b><br \/>\nTarjoamme siitostammoille t\u00e4ysihoitopaikkoja hyvill\u00e4 liikutus- ja tarhausmahdollisuuksilla. Mik\u00e4li haluat j\u00e4tt\u00e4\u00e4 tammasi tiineyden ajaksi valvottavaksi, olemme k\u00e4ytett\u00e4viss\u00e4si. My\u00f6s tiineyden j\u00e4lkeen varsan ensimm\u00e4isten kuukausien aikana takaamme sen, ett\u00e4 varsa p\u00e4\u00e4see viett\u00e4m\u00e4\u00e4n aikaansa samanik\u00e4isten hevosten seurassa, p\u00e4ivitt\u00e4ist\u00e4 k\u00e4sittely\u00e4 unohtamatta.<\/p>\n<\/div>\n<\/div><\/div><\/div><\/div><\/div><\/div><\/div>","protected":false},"excerpt":{"rendered":"<p>Villa Castorissa j\u00e4rjestet\u00e4\u00e4n ajoittain kisoja sek\u00e4 n\u00e4yttelyit\u00e4, mutta p\u00e4\u00e4asiallinen toimintanmuoto on hevosten kanssa valmentautuminen sek\u00e4 oriasematoiminta. Oriasema Oritarjonta Tavoitteenamme on tarjota tammojen omistajille jalostusk\u00e4ytt\u00f6\u00f6n laadukkaita, hyv\u00e4luonteisia ja terveit\u00e4 oreja. Orit eiv\u00e4t kuitenkaan ole vapaassa jalostusk\u00e4yt\u00f6ss\u00e4, vaan tarjoamme niit\u00e4 tarvittaessa henkil\u00f6ille, jotka etsiv\u00e4t tammalleen oria. Pyrimme pit\u00e4m\u00e4\u00e4n suomalaisen puoliverijalostuksen geenipoolin mahdollisimman monipuolisena ja painottamaan j\u00e4lkel\u00e4isten m\u00e4\u00e4r\u00e4n [&hellip;]<\/p>\n","protected":false},"author":1,"featured_media":0,"parent":0,"menu_order":0,"comment_status":"closed","ping_status":"closed","template":"","meta":{"footnotes":""},"class_list":["post-126","page","type-page","status-publish","hentry"],"_links":{"self":[{"href":"https:\/\/tiritomba.net\/villa-castor\/wp-json\/wp\/v2\/pages\/126","targetHints":{"allow":["GET"]}}],"collection":[{"href":"https:\/\/tiritomba.net\/villa-castor\/wp-json\/wp\/v2\/pages"}],"about":[{"href":"https:\/\/tiritomba.net\/villa-castor\/wp-json\/wp\/v2\/types\/page"}],"author":[{"embeddable":true,"href":"https:\/\/tiritomba.net\/villa-castor\/wp-json\/wp\/v2\/users\/1"}],"replies":[{"embeddable":true,"href":"https:\/\/tiritomba.net\/villa-castor\/wp-json\/wp\/v2\/comments?post=126"}],"version-history":[{"count":32,"href":"https:\/\/tiritomba.net\/villa-castor\/wp-json\/wp\/v2\/pages\/126\/revisions"}],"predecessor-version":[{"id":746,"href":"https:\/\/tiritomba.net\/villa-castor\/wp-json\/wp\/v2\/pages\/126\/revisions\/746"}],"wp:attachment":[{"href":"https:\/\/tiritomba.net\/villa-castor\/wp-json\/wp\/v2\/media?parent=126"}],"curies":[{"name":"wp","href":"https:\/\/api.w.org\/{rel}","templated":true}]}}