{"id":124,"date":"2019-06-26T15:36:03","date_gmt":"2019-06-26T15:36:03","guid":{"rendered":"https:\/\/tiritomba.net\/villa-castor\/?page_id=124"},"modified":"2022-06-06T12:52:37","modified_gmt":"2022-06-06T12:52:37","slug":"esittely","status":"publish","type":"page","link":"https:\/\/tiritomba.net\/villa-castor\/esittely\/","title":{"rendered":"Esittely"},"content":{"rendered":"<div id=\"pl-124\"  class=\"panel-layout\" ><div id=\"pg-124-0\"  class=\"panel-grid panel-has-style\" ><div class=\"no-margin-top panel-row-style panel-row-style-for-124-0\" ><div id=\"pgc-124-0-0\"  class=\"panel-grid-cell\" ><div id=\"panel-124-0-0-0\" class=\"so-panel widget widget_sow-editor panel-first-child panel-last-child\" data-index=\"0\" ><div\n\t\t\t\n\t\t\tclass=\"so-widget-sow-editor so-widget-sow-editor-base\"\n\t\t\t\n\t\t>\n<div class=\"siteorigin-widget-tinymce textwidget\">\n\t<p>Villa Castor on Rovaniemell\u00e4 sijaitseva oriasema. Tallin hevosm\u00e4\u00e4r\u00e4 vaihtelee vuosittain, mutta tilaa l\u00f6ytyy 30 orille sek\u00e4 10 vierailevalle tammalle. Tallin toiminta ei ole jatkuvasti aktiivista, vaan jalostussuunnitelmia tehd\u00e4\u00e4n hevosten el\u00e4m\u00e4ntilanteiden mukaan.<\/p>\n<p>Tallin hevoset liikutetaan noin viidesti viikossa, ja jokaiselle on suunniteltu omat suuntaa-antavat liikuntakalenterit vapaap\u00e4ivineen. Valmennusten ja tehotuntien lis\u00e4ksi hevosten kanssa kisataan aktiivisesti sek\u00e4 toimitaan paljon maasta k\u00e4sin. <\/p>\n<h3>Tallialue<\/h3>\n<p>Villa Castorin tallialue kattaa tallirakennukset, omistajan asunnon, liikuntatilat sek\u00e4 hyv\u00e4t maastot.<\/p>\n<h4>Tallirakennukset<\/h4>\n<p>Tallialueella on kolme eri tallirakennusta: p\u00e4\u00e4talli, jossa tallin omat orit asuvat, pihatto, joka on kes\u00e4isin k\u00e4yt\u00f6ss\u00e4 varsoille, sek\u00e4 tammatalli, jossa on tarjolla t\u00e4yshoitopaikkoja tiineille sek\u00e4 synnytt\u00e4neille tammoille ymp\u00e4ri vuoden. <\/p>\n<p><b>P\u00e4\u00e4tallissa<\/b> on yhteens\u00e4 30 karsinapaikkaa, pesutilat, varuste- sek\u00e4 rehuhuoneet ja tallin yl\u00e4kerrassa on tallitupa, jossa voi viett\u00e4\u00e4 aikaa istuen sohvalla, seuraten televisiosta n\u00e4kyvi\u00e4 ratsastuskisoja tai sy\u00f6den lounasta. Orien karsinat ovat suurikokoiset, ja karsinat on rakennettu niin, ett\u00e4 hevosilla on hyv\u00e4 tallirauha.<br \/>\n<b>Tammatallissa<\/b> on yhteens\u00e4 kymmenen suurikokoista karsinaa, johon tammat mahtuvat my\u00f6s varsojen kanssa.<br \/>\n<b>Pihatto<\/b> on k\u00e4yt\u00f6ss\u00e4 kes\u00e4isin, ja se kattaa suuren tarha-alueen sek\u00e4 viiden karsinan sis\u00e4tilat. Pihaton tallirakennuksesta l\u00f6ytyy my\u00f6s pieni varuste- ja rehuhuone pihatossa asuvia varsoja varten.<\/p>\n\n\t\t<style type=\"text\/css\">\n\t\t\t#gallery-1 {\n\t\t\t\tmargin: auto;\n\t\t\t}\n\t\t\t#gallery-1 .gallery-item {\n\t\t\t\tfloat: left;\n\t\t\t\tmargin-top: 10px;\n\t\t\t\ttext-align: center;\n\t\t\t\twidth: 33%;\n\t\t\t}\n\t\t\t#gallery-1 img {\n\t\t\t\tborder: 2px solid #cfcfcf;\n\t\t\t}\n\t\t\t#gallery-1 .gallery-caption {\n\t\t\t\tmargin-left: 0;\n\t\t\t}\n\t\t\t\/* see gallery_shortcode() in wp-includes\/media.php *\/\n\t\t<\/style>\n\t\t<div id='gallery-1' class='gallery galleryid-124 gallery-columns-3 gallery-size-thumbnail'><dl class='gallery-item'>\n\t\t\t<dt class='gallery-icon landscape'>\n\t\t\t\t<a href='https:\/\/tiritomba.net\/villa-castor\/esittely\/talli_2\/'><img loading=\"lazy\" decoding=\"async\" width=\"150\" height=\"150\" src=\"https:\/\/tiritomba.net\/villa-castor\/wp-content\/uploads\/talli_2-150x150.jpg\" class=\"attachment-thumbnail size-thumbnail\" alt=\"\" \/><\/a>\n\t\t\t<\/dt><\/dl><dl class='gallery-item'>\n\t\t\t<dt class='gallery-icon landscape'>\n\t\t\t\t<a href='https:\/\/tiritomba.net\/villa-castor\/esittely\/tammatalli_2\/'><img loading=\"lazy\" decoding=\"async\" width=\"150\" height=\"150\" src=\"https:\/\/tiritomba.net\/villa-castor\/wp-content\/uploads\/tammatalli_2-150x150.jpg\" class=\"attachment-thumbnail size-thumbnail\" alt=\"\" \/><\/a>\n\t\t\t<\/dt><\/dl><dl class='gallery-item'>\n\t\t\t<dt class='gallery-icon landscape'>\n\t\t\t\t<a href='https:\/\/tiritomba.net\/villa-castor\/esittely\/pihatto_2\/'><img loading=\"lazy\" decoding=\"async\" width=\"150\" height=\"150\" src=\"https:\/\/tiritomba.net\/villa-castor\/wp-content\/uploads\/pihatto_2-150x150.jpg\" class=\"attachment-thumbnail size-thumbnail\" alt=\"\" \/><\/a>\n\t\t\t<\/dt><\/dl><br style=\"clear: both\" \/>\n\t\t<\/div>\n\n<h4>Kentt\u00e4 ja maneesi<\/h4>\n<p>Villa Castorissa on kaksi kentt\u00e4\u00e4 sek\u00e4 maneesi. Toisen kent\u00e4n reunamilla on tallin estekalusto, ja hevoset treenaavat ymp\u00e4ri vuoden my\u00f6s ulkotiloissa s\u00e4\u00e4n salliessa. <\/p>\n<h3>Henkil\u00f6kunta<\/h3>\n<h4 id=\"pauliina\">Pauliina (tunnetaan tallilla my\u00f6s nimell\u00e4 Pauski) - Tallin omistaja<\/h4>\n<p>- 36-vuotias<br \/>\n- Harrastanut hevosia koko ik\u00e4ns\u00e4<br \/>\n- Aloitti Villa Castorin py\u00f6ritt\u00e4misen vuonna 2012<\/p>\n<h4>Teija - Kouluvalmentaja<\/h4>\n<p>- 34-vuotias<br \/>\n- Kilpaillut edesmenneiden hevostensa kanssa Int II -luokassa<br \/>\n- Rauhallinen ja asiantunteva ote ratsastukseen<br \/>\n- Hyv\u00e4 my\u00f6s nuorten hevosten ratsastuskoulutuksessa<\/p>\n<h4>Marika - Estevalmentaja<\/h4>\n<p>- 32-vuotias<br \/>\n- Kilpailee eri hevosten kanssa jopa 160 cm luokissa<br \/>\n- Ty\u00f6skennellyt ja kisannut nuorempana Saksassa siittolassa<br \/>\n- Hallitsee haastavatkin orit<\/p>\n<h4>Karoliina, Janna, Taru - tallityt\u00f6t ja kisaajat<\/h4>\n<p><b>Karo<\/b> on 26-vuotias hevosihminen, joka k\u00e4y l\u00e4hes p\u00e4ivitt\u00e4in tallilla hoitamassa hevosia. Nainen n\u00e4hd\u00e4\u00e4n satunnaisesti my\u00f6s hevosen sel\u00e4ss\u00e4, ja varsinkin arkiset liikutukset sujuvat rutiinilla.<br \/>\n<b>Janna<\/b> on 28-vuotias nainen, joka on todella kiinnostunut erityisesti kouluratsastuksesta. Janna ilmoittautuu itsen\u00e4isesti koulupainotteisten hevosten kanssa kisoihin ja k\u00e4y valmennuksissa. My\u00f6s nuorten hevosten koulutus on Jannaa kiinnostava osa-alue.<br \/>\n<b>Taru<\/b> on 31-vuotias nainen, joka k\u00e4y hevosten kanssa s\u00e4\u00e4nn\u00f6llisesti esteratsastuskisoissa. Nainen on todella tavoitteellinen ja kehittyy mielell\u00e4\u00e4n hevosten kanssa jatkuvasti taitavammaksi ratsastajaksi. Luonteeltaan Taru on todella m\u00e4\u00e4r\u00e4tietoinen ja h\u00e4n hoitaa sovitut hommat heti, eik\u00e4 j\u00e4t\u00e4 mit\u00e4\u00e4n roikkumaan.<\/p>\n<p>Lis\u00e4\u00e4 tallitytt\u00f6j\u00e4 tulossa ajallaan!<\/p>\n<\/div>\n<\/div><\/div><\/div><\/div><\/div><\/div>","protected":false},"excerpt":{"rendered":"<p>Villa Castor on Rovaniemell\u00e4 sijaitseva oriasema. Tallin hevosm\u00e4\u00e4r\u00e4 vaihtelee vuosittain, mutta tilaa l\u00f6ytyy 30 orille sek\u00e4 10 vierailevalle tammalle. Tallin toiminta ei ole jatkuvasti aktiivista, vaan jalostussuunnitelmia tehd\u00e4\u00e4n hevosten el\u00e4m\u00e4ntilanteiden mukaan. Tallin hevoset liikutetaan noin viidesti viikossa, ja jokaiselle on suunniteltu omat suuntaa-antavat liikuntakalenterit vapaap\u00e4ivineen. Valmennusten ja tehotuntien lis\u00e4ksi hevosten kanssa kisataan aktiivisesti sek\u00e4 toimitaan [&hellip;]<\/p>\n","protected":false},"author":1,"featured_media":0,"parent":0,"menu_order":0,"comment_status":"closed","ping_status":"closed","template":"","meta":{"footnotes":""},"class_list":["post-124","page","type-page","status-publish","hentry"],"_links":{"self":[{"href":"https:\/\/tiritomba.net\/villa-castor\/wp-json\/wp\/v2\/pages\/124","targetHints":{"allow":["GET"]}}],"collection":[{"href":"https:\/\/tiritomba.net\/villa-castor\/wp-json\/wp\/v2\/pages"}],"about":[{"href":"https:\/\/tiritomba.net\/villa-castor\/wp-json\/wp\/v2\/types\/page"}],"author":[{"embeddable":true,"href":"https:\/\/tiritomba.net\/villa-castor\/wp-json\/wp\/v2\/users\/1"}],"replies":[{"embeddable":true,"href":"https:\/\/tiritomba.net\/villa-castor\/wp-json\/wp\/v2\/comments?post=124"}],"version-history":[{"count":22,"href":"https:\/\/tiritomba.net\/villa-castor\/wp-json\/wp\/v2\/pages\/124\/revisions"}],"predecessor-version":[{"id":951,"href":"https:\/\/tiritomba.net\/villa-castor\/wp-json\/wp\/v2\/pages\/124\/revisions\/951"}],"wp:attachment":[{"href":"https:\/\/tiritomba.net\/villa-castor\/wp-json\/wp\/v2\/media?parent=124"}],"curies":[{"name":"wp","href":"https:\/\/api.w.org\/{rel}","templated":true}]}}