{"id":122,"date":"2019-06-26T15:35:57","date_gmt":"2019-06-26T15:35:57","guid":{"rendered":"https:\/\/tiritomba.net\/villa-castor\/?page_id=122"},"modified":"2021-06-20T09:02:17","modified_gmt":"2021-06-20T09:02:17","slug":"orit","status":"publish","type":"page","link":"https:\/\/tiritomba.net\/villa-castor\/orit\/","title":{"rendered":"Orit"},"content":{"rendered":"<div id=\"pl-122\"  class=\"panel-layout\" ><div id=\"pg-122-0\"  class=\"panel-grid panel-has-style\" ><div class=\"padding-top-0 panel-row-style panel-row-style-for-122-0\" ><div id=\"pgc-122-0-0\"  class=\"panel-grid-cell\" ><div id=\"panel-122-0-0-0\" class=\"so-panel widget widget_sow-editor panel-first-child panel-last-child\" data-index=\"0\" ><div\n\t\t\t\n\t\t\tclass=\"so-widget-sow-editor so-widget-sow-editor-base\"\n\t\t\t\n\t\t>\n<div class=\"siteorigin-widget-tinymce textwidget\">\n\t<p class=\"nosto\">Villa Castorin orit ovat hyv\u00e4luonteisia, ratsastusk\u00e4ytt\u00f6\u00f6n sopivia puoliverisi\u00e4. Huomaathan, ett\u00e4 hevoslistalla n\u00e4kyv\u00e4 status on vain suuntaa antava ja orit ovat tarjolla jalostukseen vain niiden el\u00e4m\u00e4ntilanteen mukaan. <a href=\"https:\/\/tiritomba.net\/villa-castor\/toiminta\/\">Lue lis\u00e4\u00e4 toiminnastamme<\/a>.<\/p>\n<\/div>\n<\/div><\/div><\/div><\/div><\/div><\/div>","protected":false},"excerpt":{"rendered":"<p>Villa Castorin orit ovat hyv\u00e4luonteisia, ratsastusk\u00e4ytt\u00f6\u00f6n sopivia puoliverisi\u00e4. Huomaathan, ett\u00e4 hevoslistalla n\u00e4kyv\u00e4 status on vain suuntaa antava ja orit ovat tarjolla jalostukseen vain niiden el\u00e4m\u00e4ntilanteen mukaan. Lue lis\u00e4\u00e4 toiminnastamme.<\/p>\n","protected":false},"author":1,"featured_media":0,"parent":0,"menu_order":0,"comment_status":"closed","ping_status":"closed","template":"page-orilista.php","meta":{"footnotes":""},"class_list":["post-122","page","type-page","status-publish","hentry"],"_links":{"self":[{"href":"https:\/\/tiritomba.net\/villa-castor\/wp-json\/wp\/v2\/pages\/122","targetHints":{"allow":["GET"]}}],"collection":[{"href":"https:\/\/tiritomba.net\/villa-castor\/wp-json\/wp\/v2\/pages"}],"about":[{"href":"https:\/\/tiritomba.net\/villa-castor\/wp-json\/wp\/v2\/types\/page"}],"author":[{"embeddable":true,"href":"https:\/\/tiritomba.net\/villa-castor\/wp-json\/wp\/v2\/users\/1"}],"replies":[{"embeddable":true,"href":"https:\/\/tiritomba.net\/villa-castor\/wp-json\/wp\/v2\/comments?post=122"}],"version-history":[{"count":9,"href":"https:\/\/tiritomba.net\/villa-castor\/wp-json\/wp\/v2\/pages\/122\/revisions"}],"predecessor-version":[{"id":877,"href":"https:\/\/tiritomba.net\/villa-castor\/wp-json\/wp\/v2\/pages\/122\/revisions\/877"}],"wp:attachment":[{"href":"https:\/\/tiritomba.net\/villa-castor\/wp-json\/wp\/v2\/media?parent=122"}],"curies":[{"name":"wp","href":"https:\/\/api.w.org\/{rel}","templated":true}]}}