{"id":9,"date":"2019-05-23T17:19:20","date_gmt":"2019-05-23T17:19:20","guid":{"rendered":"https:\/\/tiritomba.net\/kuuralehto\/?page_id=9"},"modified":"2021-05-14T20:51:36","modified_gmt":"2021-05-14T18:51:36","slug":"etusivu","status":"publish","type":"page","link":"https:\/\/tiritomba.net\/kuuralehto\/","title":{"rendered":"Tervetuloa Kuuralehtoon"},"content":{"rendered":"<div id=\"pl-9\"  class=\"panel-layout\" ><div id=\"pg-9-0\"  class=\"panel-grid panel-has-style\" ><div class=\"nostoteksti panel-row-style panel-row-style-for-9-0\" ><div id=\"pgc-9-0-0\"  class=\"panel-grid-cell\" ><div id=\"panel-9-0-0-0\" class=\"so-panel widget widget_sow-editor panel-first-child panel-last-child\" data-index=\"0\" ><div\n\t\t\t\n\t\t\tclass=\"so-widget-sow-editor so-widget-sow-editor-base\"\n\t\t\t\n\t\t>\n<div class=\"siteorigin-widget-tinymce textwidget\">\n\t<p>Menestyksek\u00e4st\u00e4 kilpailemista ja hevoskasvatusta suomen&shy;hevosten parissa vuodesta 2014<\/p>\n<\/div>\n<\/div><\/div><\/div><\/div><\/div><div id=\"pg-9-1\"  class=\"panel-grid panel-has-style\" ><div class=\"keskitetyt-kolme panel-row-style panel-row-style-for-9-1\" ><div id=\"pgc-9-1-0\"  class=\"panel-grid-cell\" ><div id=\"panel-9-1-0-0\" class=\"so-panel widget widget_sow-editor panel-first-child panel-last-child\" data-index=\"1\" ><div\n\t\t\t\n\t\t\tclass=\"so-widget-sow-editor so-widget-sow-editor-base\"\n\t\t\t\n\t\t>\n<div class=\"siteorigin-widget-tinymce textwidget\">\n\t<h2><a href=\"esittely\"><i class=\"fas fa-home\"><\/i> Kuuralehto<\/a><\/h2>\n<p>Tallia ymp\u00e4r\u00f6i Keski-Suomen rauhal&shy;linen ja moni&shy;puolinen maalais&shy;maisema peltoi&shy;neen, j\u00e4rvi&shy;neen ja metsineen.<\/p>\n<\/div>\n<\/div><\/div><\/div><div id=\"pgc-9-1-1\"  class=\"panel-grid-cell\" ><div id=\"panel-9-1-1-0\" class=\"so-panel widget widget_sow-editor panel-first-child panel-last-child\" data-index=\"2\" ><div\n\t\t\t\n\t\t\tclass=\"so-widget-sow-editor so-widget-sow-editor-base\"\n\t\t\t\n\t\t>\n<div class=\"siteorigin-widget-tinymce textwidget\">\n\t<h2><a href=\"jalostusorit\"><i class=\"fa fa-horse-head \" ><\/i> Orit<\/a><\/h2>\n<p>Kuuralehdossa on paljon moni\u00adpuolisia ja lahjak\u00adkaita suomen\u00adhevosoreja, joista varmasti l\u00f6yd\u00e4t sopivan yksil\u00f6n my\u00f6s omiin jalostus\u00adsuunnitelmiisi.<\/p>\n<\/div>\n<\/div><\/div><\/div><div id=\"pgc-9-1-2\"  class=\"panel-grid-cell\" ><div id=\"panel-9-1-2-0\" class=\"so-panel widget widget_sow-editor panel-first-child panel-last-child\" data-index=\"3\" ><div\n\t\t\t\n\t\t\tclass=\"so-widget-sow-editor so-widget-sow-editor-base\"\n\t\t\t\n\t\t>\n<div class=\"siteorigin-widget-tinymce textwidget\">\n\t<h2><a href=\"siitostammat\"><i class=\"fas fa-horse\"><\/i> Tammat<\/a><\/h2>\n<p>Tallistamme l\u00f6yd\u00e4t osaavia, reippaita ja lempeit\u00e4 suomen\u00adhevostammoja monessa koossa ja v\u00e4riss\u00e4. Ehk\u00e4 joukossa on my\u00f6s tulevan varsasi em\u00e4?<\/p>\n<\/div>\n<\/div><\/div><\/div><\/div><\/div><div id=\"pg-9-2\"  class=\"panel-grid panel-has-style\" ><div class=\"keskitetyt-kolme panel-row-style panel-row-style-for-9-2\" ><div id=\"pgc-9-2-0\"  class=\"panel-grid-cell\" ><div id=\"panel-9-2-0-0\" class=\"so-panel widget widget_sow-editor panel-first-child panel-last-child\" data-index=\"4\" ><div\n\t\t\t\n\t\t\tclass=\"so-widget-sow-editor so-widget-sow-editor-base\"\n\t\t\t\n\t\t>\n<div class=\"siteorigin-widget-tinymce textwidget\">\n\t<h2><a href=\"esittely#henkilokunta\"><i class=\"fas fa-users\"><\/i> Henkil\u00f6kunta<\/a><\/h2>\n<p>Tallin omistajan rinnalla ty\u00f6sken&shy;telee ahkeria talli&shy;tytt\u00f6j\u00e4 ja henkil\u00f6&shy;kuntaa, jotka auttavat arki&shy;p\u00e4iv\u00e4n askareista aina kisareissuihin.<\/p>\n<\/div>\n<\/div><\/div><\/div><div id=\"pgc-9-2-1\"  class=\"panel-grid-cell\" ><div id=\"panel-9-2-1-0\" class=\"so-panel widget widget_sow-editor panel-first-child panel-last-child\" data-index=\"5\" ><div\n\t\t\t\n\t\t\tclass=\"so-widget-sow-editor so-widget-sow-editor-base\"\n\t\t\t\n\t\t>\n<div class=\"siteorigin-widget-tinymce textwidget\">\n\t<h2><a href=\"kasvatus\"><i class=\"fas fa-venus-mars\"><\/i> Kasvatus<\/a><\/h2>\n<p>Kasvatamme reippaita ja varma&shy;jalkaisia varsoja panostaen sellaisiin harkit&shy;tuihin yhdis&shy;telmiin, joista voisimme j\u00e4tt\u00e4\u00e4 varsan my\u00f6s kotiin.<\/p>\n<\/div>\n<\/div><\/div><\/div><div id=\"pgc-9-2-2\"  class=\"panel-grid-cell\" ><div id=\"panel-9-2-2-0\" class=\"so-panel widget widget_sow-editor panel-first-child panel-last-child\" data-index=\"6\" ><div\n\t\t\t\n\t\t\tclass=\"so-widget-sow-editor so-widget-sow-editor-base\"\n\t\t\t\n\t\t>\n<div class=\"siteorigin-widget-tinymce textwidget\">\n\t<h2><a href=\"https:\/\/tiritomba.net\/kuuralehto\/tallikirja\"><i class=\"fas fa-book\"><\/i> Tallikirja<\/a><\/h2>\n<p>Kuuralehdon uusimmat kuulumiset ja mielenkiintoiset k\u00e4\u00e4nteet talliarjesta l\u00f6yd\u00e4t nyt uusitusta tallikirjasta.<\/p>\n<\/div>\n<\/div><\/div><\/div><\/div><\/div><div id=\"pg-9-3\"  class=\"panel-grid panel-no-style\" ><div id=\"pgc-9-3-0\"  class=\"panel-grid-cell\" ><div id=\"panel-9-3-0-0\" class=\"so-panel widget widget_sow-editor panel-first-child panel-last-child\" data-index=\"7\" ><div\n\t\t\t\n\t\t\tclass=\"so-widget-sow-editor so-widget-sow-editor-base\"\n\t\t\t\n\t\t>\n<div class=\"siteorigin-widget-tinymce textwidget\">\n\t<p class=\"center nappikappale\"><a href=\"mailto:virtuaali@tiritomba.net\" class=\"nappi\">Ota yhteytt\u00e4<\/a><\/p><\/div>\n<\/div><\/div><\/div><\/div><div id=\"pg-9-4\"  class=\"panel-grid panel-has-style\" ><div class=\"nostoteksti ylaviiva siteorigin-panels-stretch panel-row-style panel-row-style-for-9-4\" data-stretch-type=\"full\" ><div id=\"pgc-9-4-0\"  class=\"panel-grid-cell\" ><div id=\"panel-9-4-0-0\" class=\"so-panel widget widget_sow-editor panel-first-child panel-last-child\" data-index=\"8\" ><div\n\t\t\t\n\t\t\tclass=\"so-widget-sow-editor so-widget-sow-editor-base\"\n\t\t\t\n\t\t>\n<div class=\"siteorigin-widget-tinymce textwidget\">\n\t<h2 class=\"center\">Talli-infoa<\/h2>\n<p>Matka pienest\u00e4 takapihan tallista suureksi kilpatalliksi ja suomenhevossiittolaksi<\/p>\n<\/div>\n<\/div><\/div><\/div><\/div><\/div><div id=\"pg-9-5\"  class=\"panel-grid panel-no-style\" ><div id=\"pgc-9-5-0\"  class=\"panel-grid-cell\" ><div id=\"panel-9-5-0-0\" class=\"so-panel widget widget_sow-editor panel-first-child panel-last-child\" data-index=\"9\" ><div\n\t\t\t\n\t\t\tclass=\"so-widget-sow-editor so-widget-sow-editor-base\"\n\t\t\t\n\t\t>\n<div class=\"siteorigin-widget-tinymce textwidget\">\n\t<h3 class=\"no-margin-top\">Historian havinaa<\/h3>\n<p>Idea Kuuralehtoon syttyi Hevoset.comin aikaan, kun l\u00f6ysin ensimm\u00e4ist\u00e4 kertaa tieni keskustelupalstan Virtuaalihevoset-osastolle. Sit\u00e4 kautta (l\u00e4hes) sain my\u00f6s ensimm\u00e4isen hevoseni, suomehevostamma-Riitasoinnun, joka kuitenkin j\u00e4i sivuja vajaaksi ja kaupat peruuntuivat. Ajatus virtuaalitallista j\u00e4i kuitenkin kytem\u00e4\u00e4n, ja vuonna 2011 p\u00e4\u00e4tin perustaa ensimm\u00e4isen tallini, Kuuralehdon. Kuten arvata saattaa \u2013 my\u00f6s t\u00e4ll\u00e4 kertaa talli j\u00e4i vain tyhj\u00e4ksi sivustoksi, jota koristi vain nimi ja ajatus piirroshevosista.<\/p>\n<p>Tuli vuosi 2014, ja tieni vei Hevostalli.netin kautta VRL:n sivuille. Tutustuin nyt tarkemmin virtuaalitoimintaan, ja my\u00f6s Kuuralehto sai vihdoin ansaitsemansa alun rekister\u00f6innin my\u00f6t\u00e4. Ensin se oli pieni, viihtyis\u00e4 talli, jossa harrastettiin piirroshevosten kanssa (joista suurin osa j\u00e4ikin kuvattomaksi). Ensimm\u00e4isen suvullisen hevoseni, Huvitutin Hilbertan, sain kasvattajan <i>Jennyn<\/i> ansiosta, ja sen j\u00e4lkeen alkoi hevosten hamstraus. Tutustuin sukuihin, hevoset vaihtuivat kuvallisiksi, talli kasvoi ja muutti muotoaan jatkuvasti, kunnes se lopulta l\u00f6ysi oman paikkansa virtuaalimaailmassa.<\/p>\n<\/div>\n<\/div><\/div><\/div><div id=\"pgc-9-5-1\"  class=\"panel-grid-cell\" ><div id=\"panel-9-5-1-0\" class=\"so-panel widget widget_sow-editor panel-first-child panel-last-child\" data-index=\"10\" ><div\n\t\t\t\n\t\t\tclass=\"so-widget-sow-editor so-widget-sow-editor-base\"\n\t\t\t\n\t\t>\n<div class=\"siteorigin-widget-tinymce textwidget\">\n\t<h3 class=\"no-margin-top\">Kuuralehto nyky\u00e4\u00e4n<\/h3>\n<p>Kuuralehto on sijainnut ensimm\u00e4isist\u00e4 p\u00e4ivist\u00e4\u00e4n saakka Keski-Suomessa, muutamia kymmeni\u00e4 kilometrej\u00e4 Jyv\u00e4skyl\u00e4st\u00e4 pohjoiseen p\u00e4in. Talli on muuttanut kerran suurempiin tiloihin, ja sit\u00e4 laajennetaan jatkuvasti kasvavan hevosm\u00e4\u00e4r\u00e4n my\u00f6t\u00e4.<\/p>\n<p>Hevostila on painottunut suomenhevosiin, niiden jalostamiseen ja niiden kanssa harrastamiseen. Kasvatustoiminnassamme yrit\u00e4mme vaalia monipuolista osaamista sek\u00e4 miellytt\u00e4mishaluista luonnetta hyv\u00e4st\u00e4 rakenteesta tinkim\u00e4tt\u00e4. Pyrimme saamaan omia linjojamme mukaan pidempiin sukuihin ja aloittamaan t\u00e4ysin uusia sukuhaaroja. Kasvatamme jokaisen meill\u00e4 syntyv\u00e4n varsan rakkaudella ja toivomme tallin jokaiselta hevoselta menestyst\u00e4 omassa painotuslajissaan.<\/p>\n<p>Tervetulleeksi sinut toivottaa tallin omistaja Simpe!<\/p>\n<p>Siguri, VRL-11290<br \/>\nvirtuaali@tiritomba.net<\/p>\n<\/div>\n<\/div><\/div><\/div><\/div><\/div>","protected":false},"excerpt":{"rendered":"<p>Menestyksek\u00e4st\u00e4 kilpailemista ja hevoskasvatusta suomen&shy;hevosten parissa vuodesta 2014 Kuuralehto Tallia ymp\u00e4r\u00f6i Keski-Suomen rauhal&shy;linen ja moni&shy;puolinen maalais&shy;maisema peltoi&shy;neen, j\u00e4rvi&shy;neen ja metsineen. Orit Kuuralehdossa on paljon moni\u00adpuolisia ja lahjak\u00adkaita suomen\u00adhevosoreja, joista varmasti l\u00f6yd\u00e4t sopivan yksil\u00f6n my\u00f6s omiin jalostus\u00adsuunnitelmiisi. Tammat Tallistamme l\u00f6yd\u00e4t osaavia, reippaita ja lempeit\u00e4 suomen\u00adhevostammoja monessa koossa ja v\u00e4riss\u00e4. Ehk\u00e4 joukossa on my\u00f6s tulevan varsasi em\u00e4?<\/p>\n","protected":false},"author":1,"featured_media":0,"parent":0,"menu_order":0,"comment_status":"closed","ping_status":"closed","template":"","meta":{"footnotes":""},"class_list":["post-9","page","type-page","status-publish","hentry"],"_links":{"self":[{"href":"https:\/\/tiritomba.net\/kuuralehto\/wp-json\/wp\/v2\/pages\/9"}],"collection":[{"href":"https:\/\/tiritomba.net\/kuuralehto\/wp-json\/wp\/v2\/pages"}],"about":[{"href":"https:\/\/tiritomba.net\/kuuralehto\/wp-json\/wp\/v2\/types\/page"}],"author":[{"embeddable":true,"href":"https:\/\/tiritomba.net\/kuuralehto\/wp-json\/wp\/v2\/users\/1"}],"replies":[{"embeddable":true,"href":"https:\/\/tiritomba.net\/kuuralehto\/wp-json\/wp\/v2\/comments?post=9"}],"version-history":[{"count":204,"href":"https:\/\/tiritomba.net\/kuuralehto\/wp-json\/wp\/v2\/pages\/9\/revisions"}],"predecessor-version":[{"id":5116,"href":"https:\/\/tiritomba.net\/kuuralehto\/wp-json\/wp\/v2\/pages\/9\/revisions\/5116"}],"wp:attachment":[{"href":"https:\/\/tiritomba.net\/kuuralehto\/wp-json\/wp\/v2\/media?parent=9"}],"curies":[{"name":"wp","href":"https:\/\/api.w.org\/{rel}","templated":true}]}}