{"id":126,"date":"2019-06-26T15:36:09","date_gmt":"2019-06-26T15:36:09","guid":{"rendered":"https:\/\/tiritomba.net\/amarante\/?page_id=126"},"modified":"2021-04-18T11:04:38","modified_gmt":"2021-04-18T11:04:38","slug":"kasvatus","status":"publish","type":"page","link":"https:\/\/tiritomba.net\/amarante\/kasvatus\/","title":{"rendered":"Kasvatus"},"content":{"rendered":"<div id=\"pl-126\"  class=\"panel-layout\" ><div id=\"pg-126-0\"  class=\"panel-grid panel-has-style\" ><div class=\"no-margin-top panel-row-style panel-row-style-for-126-0\" ><div id=\"pgc-126-0-0\"  class=\"panel-grid-cell\" ><div id=\"panel-126-0-0-0\" class=\"so-panel widget widget_sow-editor panel-first-child panel-last-child\" data-index=\"0\" ><div class=\"so-widget-sow-editor so-widget-sow-editor-base\">\n<div class=\"siteorigin-widget-tinymce textwidget\">\n\t<p>Amarantessa yksi toiminnan p\u00e4\u00e4muoto on kasvatus. Pyrimme saamaan kasvatuksessa aikaan uusia linjoja ja laajentamaan vanhoja, jotta barokkihevosten kanta monipuolistuisi. Tilausvarsoja on mahdollista saada ja niit\u00e4 kannattaakin kysell\u00e4 tarpeen mukaan. Hevoset ovat k\u00e4yt\u00f6ss\u00e4 jalostukseen my\u00f6s tallin ulkopuolisille hevosille.<\/p>\n<p>Hevoset, joilla pyrimme luomaan uutta linjaa, tulevat ymp\u00e4ri Eurooppaa: andalusianhevoset Espanjalaiselta tallilta nimelt\u00e4\u00e4n Cortijo Salvador (evm), alter realit sek\u00e4 lusitanot Portugalista Cavalos Milagrosos -tilalta (evm), friisil\u00e4iset hollantilaiselta tallilta Stal van Vrolijk (evm) ja lipizzat Sloveniasta tallilta nimelt\u00e4\u00e4n Dravograd Stable. Jokainen orimme on k\u00e4yt\u00f6ss\u00e4 jalostukseen kolmevuotiaana ja tammat taas nelj\u00e4vuotiaana, mutta ne ovat rajoitetummin k\u00e4ytett\u00e4viss\u00e4 kuin orit. Tammat varsovat (hevosesta riippuen) yleens\u00e4 ensimm\u00e4isen varsansa jo ennen kilpailemista, jolloin kilpaputki ei keskeydy.<\/p>\n<p><a href=\"#kasvatit\" class=\"button\">Kasvattimme<\/a><\/p>\n<h2>Friisil\u00e4isten nime\u00e4minen<\/h2>\n<p>Friisil\u00e4iset hevoset nimet\u00e4\u00e4n vuosittain tiettyjen kirjainten mukaan seuraavasti:<\/p>\n<p>\u00bb 2018: G, H, I<br \/>\n\u00bb 2019: J, K, L<br \/>\n\u00bb 2020: M, N, O<br \/>\n\u00bb 2021: P, Q, R, S<br \/>\n\u00bb 2022: T, U, V<br \/>\n\u00bb 2023: W, X, Y, Z<br \/>\n\u00bb 2024: A, B, C<br \/>\n\u00bb 2025: D, E, F<br \/>\n\u00bb 2026: G, H, I<br \/>\n\u00bb 2027 J, K, L<\/p>\n<h2>Myyntiehdot<\/h2>\n<p>\u00bb Myymme varsoja niin harrastus- kuin kisak\u00e4ytt\u00f6\u00f6nkin. Tilausvarsoja voi kysell\u00e4.<br \/>\n\u00bb Friisil\u00e4isten kasvattajaliite on <b>van Amarante<\/b>, ja sit\u00e4 tulisi k\u00e4ytt\u00e4\u00e4 j\u00e4lkel\u00e4isill\u00e4.<br \/>\n\u00bb Muiden hevosten kasvattajaliite on <b>Amarant<\/b>.<br \/>\n\u00bb Varsan perustietoja (nimi, syntym\u00e4aika, sukupuoli) ei saa muuttaa. Orin voi halutessaan ruunata.<br \/>\n\u00bb Kasvattajaksi merkit\u00e4\u00e4n <b>Amarante<\/b> linkitettyn\u00e4 sek\u00e4 Siguri (VRL-11290).<br \/>\n\u00bb Varsa tulee rekister\u00f6id\u00e4 VRL:n hevosrekisteriin<br \/>\n\u00bb Mahdollisista osoitteenmuutoksista tieto joko kasvattajalle tai v\u00e4hint\u00e4\u00e4n VRL-profiiliin tietoon.<br \/>\n\u00bb Jos haluat luopua kasvatistamme, minulla on etuosto-oikeus. Tarjoa hevosta siis ensimm\u00e4isen\u00e4 minulle.<\/p>\n<h3>*Rekister\u00f6inti<\/h3>\n<p><b>Kasvattajaliite:<\/b> van Amarante (fri) \/ Amarant (muut)<br \/>\n<b>Syntym\u00e4maa:<\/b> Portugali<br \/>\n<b>Kasvattaja:<\/b> AMAR5038<\/p>\n<\/div>\n<\/div><\/div><\/div><\/div><\/div><\/div>","protected":false},"excerpt":{"rendered":"<p>Amarantessa yksi toiminnan p\u00e4\u00e4muoto on kasvatus. Pyrimme saamaan kasvatuksessa aikaan uusia linjoja ja laajentamaan vanhoja, jotta barokkihevosten kanta monipuolistuisi. Tilausvarsoja on mahdollista saada ja niit\u00e4 kannattaakin kysell\u00e4 tarpeen mukaan. Hevoset ovat k\u00e4yt\u00f6ss\u00e4 jalostukseen my\u00f6s tallin ulkopuolisille hevosille. Hevoset, joilla pyrimme luomaan uutta linjaa, tulevat ymp\u00e4ri Eurooppaa: andalusianhevoset Espanjalaiselta tallilta nimelt\u00e4\u00e4n Cortijo Salvador (evm), alter realit [&hellip;]<\/p>\n","protected":false},"author":1,"featured_media":0,"parent":0,"menu_order":0,"comment_status":"closed","ping_status":"closed","template":"","meta":[],"_links":{"self":[{"href":"https:\/\/tiritomba.net\/amarante\/wp-json\/wp\/v2\/pages\/126"}],"collection":[{"href":"https:\/\/tiritomba.net\/amarante\/wp-json\/wp\/v2\/pages"}],"about":[{"href":"https:\/\/tiritomba.net\/amarante\/wp-json\/wp\/v2\/types\/page"}],"author":[{"embeddable":true,"href":"https:\/\/tiritomba.net\/amarante\/wp-json\/wp\/v2\/users\/1"}],"replies":[{"embeddable":true,"href":"https:\/\/tiritomba.net\/amarante\/wp-json\/wp\/v2\/comments?post=126"}],"version-history":[{"count":26,"href":"https:\/\/tiritomba.net\/amarante\/wp-json\/wp\/v2\/pages\/126\/revisions"}],"predecessor-version":[{"id":965,"href":"https:\/\/tiritomba.net\/amarante\/wp-json\/wp\/v2\/pages\/126\/revisions\/965"}],"wp:attachment":[{"href":"https:\/\/tiritomba.net\/amarante\/wp-json\/wp\/v2\/media?parent=126"}],"curies":[{"name":"wp","href":"https:\/\/api.w.org\/{rel}","templated":true}]}}