{"id":124,"date":"2019-06-26T15:36:03","date_gmt":"2019-06-26T15:36:03","guid":{"rendered":"https:\/\/tiritomba.net\/amarante\/?page_id=124"},"modified":"2021-03-13T12:07:14","modified_gmt":"2021-03-13T12:07:14","slug":"esittely","status":"publish","type":"page","link":"https:\/\/tiritomba.net\/amarante\/esittely\/","title":{"rendered":"Esittely"},"content":{"rendered":"<div id=\"pl-124\"  class=\"panel-layout\" ><div id=\"pg-124-0\"  class=\"panel-grid panel-has-style\" ><div class=\"no-margin-top panel-row-style panel-row-style-for-124-0\" ><div id=\"pgc-124-0-0\"  class=\"panel-grid-cell\" ><div id=\"panel-124-0-0-0\" class=\"so-panel widget widget_sow-editor panel-first-child panel-last-child\" data-index=\"0\" ><div class=\"so-widget-sow-editor so-widget-sow-editor-base\">\n<div class=\"siteorigin-widget-tinymce textwidget\">\n\t<p>Amarante on suurikokoinen tila Portugalissa, joka sijaitsee hieman sivummalla vanhasta kaupungista. Talli tunnettiin ennen nimell\u00e4 Amaranten hevoskoulutuskeskus, mutta on sitemmin vakiintunut vanhan kaupungin nimen mukaan vain Amaranteksi. Hevosia koulutettiin alun perin n\u00e4yt\u00f6shevosiksi, mutta monen mutkan my\u00f6t\u00e4 l\u00f6ytyy tallilta t\u00e4t\u00e4 nyky\u00e4 my\u00f6s upeita kouluratsuja, joiden kanssa kilpaillaan vaativissakin luokissa.<\/p>\n<h2>Ymp\u00e4rist\u00f6<\/h2>\n<p>Ei tarvitse kulkea montaa kymment\u00e4 kilometri\u00e4 pois kaupungista, kun Amaranten kapeat kivikadut ja vanhat talot muuttuvat kapeiksi serpentiiniteiksi. Siell\u00e4 luonnon hiljaisuuden keskell\u00e4 sijaitsee my\u00f6s suuri hevostila, joka kantaa kaupungin nime\u00e4 ja josta voit l\u00f6yt\u00e4\u00e4 upeita hevosia moneen k\u00e4ytt\u00f6\u00f6n.<\/p>\n<p>Amarante sijaitsee p\u00e4\u00e4ttyv\u00e4n tien p\u00e4\u00e4ss\u00e4, jonne silloin t\u00e4ll\u00f6in eksyy jokunen yksin\u00e4inen kulkija. Ei talli kuitenkaan aivan syrj\u00e4ss\u00e4 ole; kilometrin s\u00e4teelt\u00e4 l\u00f6ytyy jo harvaa asutusta, joka tihenee keskustaa p\u00e4in kuljettaessa. Amaranten l\u00e4hinaapureina on suuria maatiloja ja oliivitarhoja sek\u00e4 yksi suurempi viinitila, jotka tuovat ymp\u00e4rist\u00f6\u00f6n ja luontoon portugalilaisia vaikutteita.<\/p>\n<p>Talli sijaitsee harvan puu- ja pensasmaiseman ymp\u00e4r\u00f6im\u00e4n\u00e4. Hevosten kanssa on mahdollista l\u00e4hte\u00e4 niin pienill\u00e4 kuin pidemmillekin maastoretkille. Vuoristoiset polut mutkittelevat v\u00e4lill\u00e4 vaarallisillakin reiteill\u00e4, mutta reitit sis\u00e4lt\u00e4v\u00e4t my\u00f6s hiljaisia tasaisia autoteit\u00e4, peltoja, upeita maisemia, kauniita rakennuksia ja ihanaa tunnelmaa. Muutaman kilometrin p\u00e4\u00e4st\u00e4 voi l\u00f6yt\u00e4\u00e4 my\u00f6s vanhan linnan raunioineen, jonka historiasta on kuultu monia tarinoita, mutta sen alkuper\u00e4ist\u00e4 tarkoitusta on yh\u00e4 mysteeri.<\/p>\n<h2>Tallirakennus ja -alue<\/h2>\n<p>Amarantessa on yksi suuri tallirakennus, joka on jaettu kahteen osaan: tammoille omansa ja oreille toinen puoli. Vaikka hevosm\u00e4\u00e4r\u00e4 ei ole suuri, on tilaa silti riitt\u00e4v\u00e4sti aina uusille hevosille sek\u00e4 muutamille yksityisille. Kasvava hevosm\u00e4\u00e4r\u00e4 on otettu huomioon jo heti tallia suunniteltaessa.<\/p>\n<p>Tallissa oma oma tilansa my\u00f6s oleskelutila, kaksi varustehuonetta sek\u00e4 rehuvarasto. Hevosille l\u00f6ytyy yhteens\u00e4 46 karsinaa, joista vain muutama on k\u00e4yt\u00f6ss\u00e4, sek\u00e4 pesutilat tammoille ja oreille omansa.<\/p>\n<p>Amarante on monen hehtaarin kokoinen vehre\u00e4 alue, joka pit\u00e4\u00e4 sis\u00e4ll\u00e4\u00e4n tallirakennuksia, laitumia, ratsastustiloja sek\u00e4 omistajan oman asunnon. Asunto sijaitsee tallialueen reunamilla lyhyen k\u00e4velymatkan p\u00e4\u00e4ss\u00e4, ja niin tallille kuin asunnollekin johtaa hyv\u00e4 hiekkatie. Omistajalla on upeat maisemat parvekkeensa alapuolella sijaitseville laitumille.<\/p>\n<p>Tallilla on monia laitumia, jotka ovat k\u00e4yt\u00f6ss\u00e4 yksitt\u00e4isille hevosille kuin my\u00f6s laumoille. Laitumien koot vaihtelevat pienist\u00e4 tarhoista suuriin kes\u00e4laitumiin verrattaviin alueisiin. Viheralueita pidet\u00e4\u00e4n hyv\u00e4ss\u00e4 kunnossa tallin ulkomuodon ja hevosten hyvinvoinnin vuoksi.<\/p>\n<p>Amaranten piha-alueelta l\u00f6ytyy suuri katsomollinen maneesi, jossa j\u00e4rjestet\u00e4\u00e4n usein kisoja. Maneesi on hiekkapohjainen, valaistu ja ilmastoitu. Pihalta l\u00f6ytyy my\u00f6s aidattu suurikokoinen kentt\u00e4, joka on k\u00e4yt\u00f6ss\u00e4 paremmilla keleill\u00e4. Kentt\u00e4\u00e4 k\u00e4ytet\u00e4\u00e4n hevosten normaaliin liikuttamiseen, mutta harvemmin kisoihin. Lis\u00e4ksi tallin pihamaalla on aidattu ruohokentt\u00e4, jossa on mahdollista viett\u00e4\u00e4 hevosten kanssa aikaa esimerkiksi vapaan ratsastuksen merkeiss\u00e4 tai koulutuksessa. Ruohokentt\u00e4 toimii tallilla tietynlaisena luottamuksenharjoituspaikkana ihmisten ja hevosten kesken.<\/p>\n<h2>Me ja hevoset<\/h2>\n<p>Amarante on hevosm\u00e4\u00e4r\u00e4lt\u00e4\u00e4n jatkuvasti kasvava. Pid\u00e4mme kuitenkin huolen, ett\u00e4 jokaista hevosta kohdellaan meill\u00e4 yksil\u00f6n\u00e4 ja jokainen saa tarpeenmukaista hoitoa. Luonteita l\u00f6ytyy yht\u00e4 monta kuin hevosiakin, mutta jokainen hevonen on kuitenkin k\u00e4sitelt\u00e4viss\u00e4 oleva ja hoitotoimenpiteiden t\u00e4ytyy onnistua. T\u00e4h\u00e4n v\u00e4liin on varmaan hyv\u00e4 mainita, ett\u00e4 tallilla harjoitetaan my\u00f6s niin kutsuttua vapaata ratsastusta sek\u00e4 n\u00e4yt\u00f6shevosten kouluttamista. Opimme tuntemaan hevoset, luottamaan niihin, ansaitsemaan hevosen luottamuksen ja meille j\u00e4\u00e4 k\u00e4teen upeita hevosia, joiden kanssa yhteisty\u00f6 tuntuu mahtavalta! Aikojen saatossa on huomattu, ett\u00e4 toisilla hevosilla yhteisen s\u00e4velen l\u00f6yt\u00e4minen voi vied\u00e4 moniakin vuosia, mutta ne vuodet ovat odottamisen, kovan yritt\u00e4misen sek\u00e4 hien ja tuskan arvoisia.<\/p>\n<h3>Seena - omistaja<\/h3>\n<p>Seena on 28-vuotias nainen, joka muutti perheens\u00e4 kanssa Portugaliin jo nuorena. H\u00e4n ei ik\u00e4v\u00f6i Suomen m\u00e4rki\u00e4 kesi\u00e4 ja talvipakkasia, mutta k\u00e4y nyt muutaman kerran vuodessa tervehtim\u00e4ss\u00e4 sukulaisiaan. Seenan \u00e4iti on suomalainen ja is\u00e4 portugalilainen. Perheeseen kuuluu my\u00f6s kahta vuotta vanhempi velipuoli Miguel, joka k\u00e4y satunnaisesti auttamassa tallit\u00f6iss\u00e4.<\/p>\n<p>Seenalla on ruskeat keskipitk\u00e4t ja paksut hiukset, ja oikeastaan koko olemus on hyvin puoliksi portugalilainen ja puoliksi suomalainen. Seena miettii harvemmin ulkon\u00e4k\u00f6\u00e4\u00e4n ja kulkeekin usein rennoissa vaatteissaan - viett\u00e4\u00e4h\u00e4n nainen melkein koko aikansa tallilla.<\/p>\n<p>Seena on todella rento ja huumorintajuinen nainen, jolle perhe ja hevoset ovat kaikki kaikessa. H\u00e4n pelk\u00e4\u00e4 hieman uusia asioita ja suuria muutoksia, mik\u00e4 vaikuttaa esimerkiksi tallin hitaaseen kehittymiseen ja muuhun sis\u00e4iseen toimintaan. Seena aloitti ratsastuksen 13-vuotiaana, jolloin h\u00e4n ensimm\u00e4isen kerran tutustui andalusialaisten kautta barokkihevosiin. My\u00f6hemmin nainen sai omaksi kauniin friisil\u00e4isen tamman, Guestjen, mist\u00e4 koko ajatus omasta tallista l\u00e4htikin. Seena on ottanut Amaranten omaksi el\u00e4m\u00e4nteht\u00e4v\u00e4kseen, ja n\u00e4kee itsens\u00e4 tekem\u00e4ss\u00e4 t\u00e4t\u00e4 samaa viel\u00e4 vuosien p\u00e4\u00e4st\u00e4.<br \/>\nViel\u00e4 ei ole eteen sattunut miest\u00e4, joka olisi valmis el\u00e4m\u00e4\u00e4n pysyv\u00e4sti p\u00e4iv\u00e4t hevosten keskuudessa - sit\u00e4 p\u00e4iv\u00e4\u00e4 odotellessa!<\/p>\n<h3>Miguel - omistajan velipuoli<\/h3>\n<p>Miguel on Seenan 30-vuotias t\u00e4ysin portugalilainen velipuoli, joka el\u00e4\u00e4 jo omaa el\u00e4m\u00e4\u00e4ns\u00e4 vaimonsa ja heid\u00e4n nuoren lapsensa kanssa. Miguel k\u00e4y kuitenkin silloin t\u00e4ll\u00f6in Amarantessa auttamassa, mik\u00e4li apuk\u00e4si\u00e4 tarvitaan. Mies muun muassa kisaa jonkin verran hevosilla ja on tarpeeksi vahva pit\u00e4m\u00e4\u00e4n suuret orit ruodussa.<br \/>\nMiguelilla ei ole aikaisempaa kokemusta hevosista, mutta Seenan kautta h\u00e4n on oppinut ratsastamaan ja toimimaan hevosten kanssa monella tapaa.<\/p>\n<h3>Maristela - valmentaja<\/h3>\n<p>Maristela (47 v) on kahdesta valmentajasta se tiukkapipoisempi. Jos jokin menee v\u00e4\u00e4rin, niin asiaa jankataan niin kauan, kunnes asiat toimii, vaikka muut olisivat jo valmiita luovuttamaan. Joidenkin mielest\u00e4 Maristelaa voisi kuvailla jopa \u00e4rsytt\u00e4v\u00e4ksi, mutta jokaisen t\u00e4ytyy my\u00f6nt\u00e4\u00e4, ett\u00e4 Maristela on tarpeeksi kovap\u00e4inen ja pitk\u00e4j\u00e4nteinen siihen, ett\u00e4 tuloksia saadaan aikaan. Keskiverto ei riit\u00e4, t\u00e4ytyy olla paras (paitsi hyv\u00e4 saattaa joskus olla tarpeeksi). Kumma kyll\u00e4, Maristela muuttuu aivan toiseksi ihmiseksi, kun p\u00e4\u00e4see pois valmennuskentilt\u00e4. Naisesta tulee jopa ihan hauska, vaikka tiettyj\u00e4 perfektionistisia piirteit\u00e4 l\u00f6ytyy. H\u00e4n kuitenkin asuu sen verran kaukana Amarantesta, ettei h\u00e4nt\u00e4 juuri turhan p\u00e4iten n\u00e4y tallilla - ainoastaan valmennusp\u00e4ivin\u00e4.<\/p>\n<h3>Suzana - valmentaja<\/h3>\n<p>Suzana (oikealta nimelt\u00e4\u00e4n Susanna) on 31-vuotias suomalaissyntyinen nainen, jolla on my\u00f6s oma viiden hevosen pientalli melko l\u00e4hell\u00e4. Sivuty\u00f6n\u00e4 h\u00e4n k\u00e4y kuitenkin valmentamassa muiden tallien hevosia. Suzana on tallin omistajan lapsuudenyst\u00e4v\u00e4, joten omistaja kuuntelee ja voi luottaa h\u00e4neen joka asiassa. H\u00e4n on se rauhallisempi ja mukavampi, jonka kanssa tulee kesken valmennusten juteltua niit\u00e4 n\u00e4it\u00e4. Naisen asenne onkin, ett\u00e4 hiljaa hyv\u00e4 tulee, ja h\u00e4n on todella maltillinen. Suzana on ollut aivan pikkutyt\u00f6st\u00e4 asti hevosten kanssa tekemisiss\u00e4, joten t\u00e4m\u00e4 tiet\u00e4\u00e4 niiden tavat ja k\u00e4yt\u00f6ksen. Sen lis\u00e4ksi, ett\u00e4 h\u00e4n valmentaa hevosia, toimii h\u00e4n my\u00f6s tietynlaisena kouluttajana. Suzana on my\u00f6s kiinnostunut vapaasta ratsastuksesta, joten h\u00e4n on paljon mukana tallin toiminnassa silt\u00e4 osin. Suzana on my\u00f6s kaikin tavoin avulias ja syd\u00e4mellinen ihminen, joten h\u00e4nen apuunsa voi aina luottaa.<\/p>\n\n\t\t<style type=\"text\/css\">\n\t\t\t#gallery-1 {\n\t\t\t\tmargin: auto;\n\t\t\t}\n\t\t\t#gallery-1 .gallery-item {\n\t\t\t\tfloat: left;\n\t\t\t\tmargin-top: 10px;\n\t\t\t\ttext-align: center;\n\t\t\t\twidth: 33%;\n\t\t\t}\n\t\t\t#gallery-1 img {\n\t\t\t\tborder: 2px solid #cfcfcf;\n\t\t\t}\n\t\t\t#gallery-1 .gallery-caption {\n\t\t\t\tmargin-left: 0;\n\t\t\t}\n\t\t\t\/* see gallery_shortcode() in wp-includes\/media.php *\/\n\t\t<\/style>\n\t\t<div id='gallery-1' class='gallery galleryid-124 gallery-columns-3 gallery-size-thumbnail'><dl class='gallery-item'>\n\t\t\t<dt class='gallery-icon landscape'>\n\t\t\t\t<a href='https:\/\/tiritomba.net\/amarante\/esittely\/tallikuva1\/'><img width=\"150\" height=\"150\" src=\"https:\/\/tiritomba.net\/amarante\/wp-content\/uploads\/tallikuva1-150x150.jpg\" class=\"attachment-thumbnail size-thumbnail\" alt=\"\" loading=\"lazy\" srcset=\"https:\/\/tiritomba.net\/amarante\/wp-content\/uploads\/tallikuva1-150x150.jpg 150w, https:\/\/tiritomba.net\/amarante\/wp-content\/uploads\/tallikuva1-300x300.jpg 300w, https:\/\/tiritomba.net\/amarante\/wp-content\/uploads\/tallikuva1.jpg 750w\" sizes=\"(max-width: 150px) 100vw, 150px\" \/><\/a>\n\t\t\t<\/dt><\/dl><dl class='gallery-item'>\n\t\t\t<dt class='gallery-icon landscape'>\n\t\t\t\t<a href='https:\/\/tiritomba.net\/amarante\/esittely\/tallikuva6\/'><img width=\"150\" height=\"150\" src=\"https:\/\/tiritomba.net\/amarante\/wp-content\/uploads\/tallikuva6-150x150.jpg\" class=\"attachment-thumbnail size-thumbnail\" alt=\"\" loading=\"lazy\" \/><\/a>\n\t\t\t<\/dt><\/dl><dl class='gallery-item'>\n\t\t\t<dt class='gallery-icon landscape'>\n\t\t\t\t<a href='https:\/\/tiritomba.net\/amarante\/esittely\/tallikuva13\/'><img width=\"150\" height=\"150\" src=\"https:\/\/tiritomba.net\/amarante\/wp-content\/uploads\/tallikuva13-150x150.jpg\" class=\"attachment-thumbnail size-thumbnail\" alt=\"\" loading=\"lazy\" \/><\/a>\n\t\t\t<\/dt><\/dl><br style=\"clear: both\" \/>\n\t\t<\/div>\n\n<h3>Em\u00edlia, Alda, Liliana, Sara, Eva ja Zita - tallityt\u00f6t<\/h3>\n<p>Liliana, Alda, Em\u00edlia, Sara, Zita ja Eva ovat tallilla aktiivisesti k\u00e4yvi\u00e4 nuoria, i\u00e4lt\u00e4\u00e4n 17-36 -vuotiaita tallitytt\u00f6j\u00e4. He ovat suurena apuna hevosten liikuttamisessa, hoitamisessa ja kisailemisessa.<br \/>\nLiliana on 26-vuotias tyylitietoinen nuori nainen, joka on todella suuri apu tallin omistajalle. Lili on helposti saatavilla kiinni ja h\u00e4n on todella kiinnostunut tallin toiminnasta. H\u00e4n p\u00e4\u00e4see usein omistajan kiireiden takia valmennettavaksi, sill\u00e4 h\u00e4nell\u00e4 on kokemusta hevosista jo monen vuoden ajan. Lili on ainoa ihminen koko tallilla, joka mielummin valitsee Maristelan valmentajaksi - tyt\u00f6ll\u00e4 on nimitt\u00e4in kovasti motivaatiota kehitty\u00e4 ratsastajana. Toiveena Lilill\u00e4 on my\u00f6hemmin oma friisil\u00e4inen hevonen.<br \/>\nAlda on vasta 17-vuotias tytt\u00f6, joka viett\u00e4\u00e4 aikaansa tallilla l\u00e4hinn\u00e4 hoitaen hevosia. Aldalla ei ole kovin paljoa viel\u00e4 kokemusta hevosista, ja h\u00e4n p\u00e4\u00e4seekin muutaman kerran viikossa valvotusti ratsastamaan kent\u00e4lle. Tyt\u00f6ll\u00e4 on kuitenkin potentiaalia vanhempana hoitaa vakituisemmin hevosia ja jopa kisailla.<br \/>\nEm\u00edlia on 23-vuotias koululainen, joka tulee koulup\u00e4ivien j\u00e4lkeen poikkeuksetta p\u00e4ivitt\u00e4in tallille. H\u00e4n asuu vain pienen k\u00e4velymatkan p\u00e4\u00e4ss\u00e4, joten tallille kulkeminen on helppoa. Em\u00edlia on melko rauhallinen tytt\u00f6, jolle uskaltaa antaa suuriakin vastuuteht\u00e4vi\u00e4, kuten hevosten liikuttamista, itsen\u00e4isi\u00e4 maastoreissuja sek\u00e4 ruokkimista ja muuta hoitamista.<\/p>\n\n\t\t<style type=\"text\/css\">\n\t\t\t#gallery-2 {\n\t\t\t\tmargin: auto;\n\t\t\t}\n\t\t\t#gallery-2 .gallery-item {\n\t\t\t\tfloat: left;\n\t\t\t\tmargin-top: 10px;\n\t\t\t\ttext-align: center;\n\t\t\t\twidth: 33%;\n\t\t\t}\n\t\t\t#gallery-2 img {\n\t\t\t\tborder: 2px solid #cfcfcf;\n\t\t\t}\n\t\t\t#gallery-2 .gallery-caption {\n\t\t\t\tmargin-left: 0;\n\t\t\t}\n\t\t\t\/* see gallery_shortcode() in wp-includes\/media.php *\/\n\t\t<\/style>\n\t\t<div id='gallery-2' class='gallery galleryid-124 gallery-columns-3 gallery-size-thumbnail'><dl class='gallery-item'>\n\t\t\t<dt class='gallery-icon landscape'>\n\t\t\t\t<a href='https:\/\/tiritomba.net\/amarante\/esittely\/tallikuva5\/'><img width=\"150\" height=\"150\" src=\"https:\/\/tiritomba.net\/amarante\/wp-content\/uploads\/tallikuva5-150x150.jpg\" class=\"attachment-thumbnail size-thumbnail\" alt=\"\" loading=\"lazy\" \/><\/a>\n\t\t\t<\/dt><\/dl><dl class='gallery-item'>\n\t\t\t<dt class='gallery-icon landscape'>\n\t\t\t\t<a href='https:\/\/tiritomba.net\/amarante\/esittely\/tytto8\/'><img width=\"150\" height=\"150\" src=\"https:\/\/tiritomba.net\/amarante\/wp-content\/uploads\/tytto8-150x150.jpg\" class=\"attachment-thumbnail size-thumbnail\" alt=\"\" loading=\"lazy\" \/><\/a>\n\t\t\t<\/dt><\/dl><dl class='gallery-item'>\n\t\t\t<dt class='gallery-icon portrait'>\n\t\t\t\t<a href='https:\/\/tiritomba.net\/amarante\/esittely\/tytto2\/'><img width=\"150\" height=\"150\" src=\"https:\/\/tiritomba.net\/amarante\/wp-content\/uploads\/tytto2-150x150.jpg\" class=\"attachment-thumbnail size-thumbnail\" alt=\"\" loading=\"lazy\" \/><\/a>\n\t\t\t<\/dt><\/dl><br style=\"clear: both\" \/>\n\t\t<\/div>\n\n<p>Sara on suomalainen 23-vuotias tallitytt\u00f6. H\u00e4n oli ollut nuorempana vaihto-oppilaana Portugalissa ja koulut k\u00e4yty\u00e4\u00e4n muuttanut takaisin maahan l\u00f6yt\u00e4en Amaranten sek\u00e4 t\u00e4m\u00e4n suomalaisen omistajan. Sara on my\u00f6s luotettava ihminen, jonka voi laittaa hevosen kuin hevosen selk\u00e4\u00e4n, ja valmennukset ovat tulleet h\u00e4nelle tutuiksi. Lis\u00e4ksi Sara kisaa aktiivisesti tallin hevosilla.<br \/>\nZita on 19-vuotias, hieman hiljaisempi nuori, jota n\u00e4kee aktiivisesti tallilla. H\u00e4n on Evan my\u00f6t\u00e4 kiinnostunut hevosten kanssa touhuamisesta ja kouluttamisesta sek\u00e4 todella innostunut vapaasta ratsastuksesta. Zitalla on viel\u00e4 paljon oppimista ratsastuksen suhteen, mutta h\u00e4nell\u00e4 tuntuu olevan joku ihmeellinen taito tulla toimeen hevosen kuin hevosen kanssa. Monet tallilaiset nauravatkin, ett\u00e4 h\u00e4nest\u00e4 tulee viel\u00e4 vanhempana hevoskuiskaaja.<br \/>\nEva on 25-vuotias nainen, jota n\u00e4kee p\u00e4ivitt\u00e4in tallilla ja sinne p\u00e4\u00e4stess\u00e4\u00e4n auttaa mieluusti tallit\u00f6iss\u00e4. Eva asuu jonkin matkan p\u00e4\u00e4ss\u00e4 Amarantesta, mutta h\u00e4n k\u00e4ytt\u00e4\u00e4 mielell\u00e4\u00e4n aikaa matkustamiseen. Eva saa my\u00f6s ratsastaa itsen\u00e4isesti kent\u00e4ll\u00e4 ja maastossa sek\u00e4 osallistua valmennuksiin, mutta enemm\u00e4n nainen on kiinnostunut maastak\u00e4sin toimimisesta, ja h\u00e4n opettaa hevosille temppuja aina joutaessaan. Pienest\u00e4 koostaan huolimatta kovap\u00e4inen tytt\u00f6 saa tallin suurimmatkin orit pidetty\u00e4 k\u00e4dess\u00e4.<\/p>\n\n\t\t<style type=\"text\/css\">\n\t\t\t#gallery-3 {\n\t\t\t\tmargin: auto;\n\t\t\t}\n\t\t\t#gallery-3 .gallery-item {\n\t\t\t\tfloat: left;\n\t\t\t\tmargin-top: 10px;\n\t\t\t\ttext-align: center;\n\t\t\t\twidth: 33%;\n\t\t\t}\n\t\t\t#gallery-3 img {\n\t\t\t\tborder: 2px solid #cfcfcf;\n\t\t\t}\n\t\t\t#gallery-3 .gallery-caption {\n\t\t\t\tmargin-left: 0;\n\t\t\t}\n\t\t\t\/* see gallery_shortcode() in wp-includes\/media.php *\/\n\t\t<\/style>\n\t\t<div id='gallery-3' class='gallery galleryid-124 gallery-columns-3 gallery-size-thumbnail'><dl class='gallery-item'>\n\t\t\t<dt class='gallery-icon landscape'>\n\t\t\t\t<a href='https:\/\/tiritomba.net\/amarante\/esittely\/tytto6\/'><img width=\"150\" height=\"150\" src=\"https:\/\/tiritomba.net\/amarante\/wp-content\/uploads\/tytto6-150x150.jpg\" class=\"attachment-thumbnail size-thumbnail\" alt=\"\" loading=\"lazy\" \/><\/a>\n\t\t\t<\/dt><\/dl><dl class='gallery-item'>\n\t\t\t<dt class='gallery-icon landscape'>\n\t\t\t\t<a href='https:\/\/tiritomba.net\/amarante\/esittely\/tytto5\/'><img width=\"150\" height=\"150\" src=\"https:\/\/tiritomba.net\/amarante\/wp-content\/uploads\/tytto5-150x150.jpg\" class=\"attachment-thumbnail size-thumbnail\" alt=\"\" loading=\"lazy\" \/><\/a>\n\t\t\t<\/dt><\/dl><dl class='gallery-item'>\n\t\t\t<dt class='gallery-icon landscape'>\n\t\t\t\t<a href='https:\/\/tiritomba.net\/amarante\/esittely\/tytto1\/'><img width=\"150\" height=\"150\" src=\"https:\/\/tiritomba.net\/amarante\/wp-content\/uploads\/tytto1-150x150.jpg\" class=\"attachment-thumbnail size-thumbnail\" alt=\"\" loading=\"lazy\" \/><\/a>\n\t\t\t<\/dt><\/dl><br style=\"clear: both\" \/>\n\t\t<\/div>\n\n<p>Voit my\u00f6s tavata tallillamme kengitt\u00e4j\u00e4 <b>Mauron<\/b>, el\u00e4inl\u00e4\u00e4k\u00e4ri <b>Olgan<\/b> sek\u00e4 Seenan vanhemmat <b>Marcelon ja Kristiinan<\/b>. Muistathan rapsuttaa my\u00f6s tallikoiriamme espanjanvesikoiranarttuamme Moraa ja serra de airesinpaimenkoiraurostamme Ricoa!<\/p>\n<\/div>\n<\/div><\/div><\/div><\/div><\/div><\/div>","protected":false},"excerpt":{"rendered":"<p>Amarante on suurikokoinen tila Portugalissa, joka sijaitsee hieman sivummalla vanhasta kaupungista. Talli tunnettiin ennen nimell\u00e4 Amaranten hevoskoulutuskeskus, mutta on sitemmin vakiintunut vanhan kaupungin nimen mukaan vain Amaranteksi. Hevosia koulutettiin alun perin n\u00e4yt\u00f6shevosiksi, mutta monen mutkan my\u00f6t\u00e4 l\u00f6ytyy tallilta t\u00e4t\u00e4 nyky\u00e4 my\u00f6s upeita kouluratsuja, joiden kanssa kilpaillaan vaativissakin luokissa. Ymp\u00e4rist\u00f6 Ei tarvitse kulkea montaa kymment\u00e4 kilometri\u00e4 [&hellip;]<\/p>\n","protected":false},"author":1,"featured_media":0,"parent":0,"menu_order":0,"comment_status":"closed","ping_status":"closed","template":"","meta":[],"_links":{"self":[{"href":"https:\/\/tiritomba.net\/amarante\/wp-json\/wp\/v2\/pages\/124"}],"collection":[{"href":"https:\/\/tiritomba.net\/amarante\/wp-json\/wp\/v2\/pages"}],"about":[{"href":"https:\/\/tiritomba.net\/amarante\/wp-json\/wp\/v2\/types\/page"}],"author":[{"embeddable":true,"href":"https:\/\/tiritomba.net\/amarante\/wp-json\/wp\/v2\/users\/1"}],"replies":[{"embeddable":true,"href":"https:\/\/tiritomba.net\/amarante\/wp-json\/wp\/v2\/comments?post=124"}],"version-history":[{"count":12,"href":"https:\/\/tiritomba.net\/amarante\/wp-json\/wp\/v2\/pages\/124\/revisions"}],"predecessor-version":[{"id":846,"href":"https:\/\/tiritomba.net\/amarante\/wp-json\/wp\/v2\/pages\/124\/revisions\/846"}],"wp:attachment":[{"href":"https:\/\/tiritomba.net\/amarante\/wp-json\/wp\/v2\/media?parent=124"}],"curies":[{"name":"wp","href":"https:\/\/api.w.org\/{rel}","templated":true}]}}